{"id":912,"date":"2023-01-02T15:49:01","date_gmt":"2023-01-02T15:49:01","guid":{"rendered":"https:\/\/melcominternational.eu\/?page_id=912"},"modified":"2023-01-02T15:56:56","modified_gmt":"2023-01-02T15:56:56","slug":"papers-and-abstracts-2015","status":"publish","type":"page","link":"https:\/\/melcominternational.eu\/index.php\/papers-and-abstracts-2015\/","title":{"rendered":"Papers and Abstracts 2015"},"content":{"rendered":"\n<div id=\"wp-block-themeisle-blocks-advanced-columns-0b7ec770\" class=\"wp-block-themeisle-blocks-advanced-columns has-1-columns has-desktop-equal-layout has-tablet-equal-layout has-mobile-equal-layout has-vertical-unset\"><div class=\"wp-block-themeisle-blocks-advanced-columns-overlay\"><\/div><div class=\"innerblocks-wrap\">\n<div id=\"wp-block-themeisle-blocks-advanced-column-554cd63b\" class=\"wp-block-themeisle-blocks-advanced-column\">\n<h2 class=\"has-text-color has-large-font-size wp-block-heading\" style=\"color:#009080\">Papers and Abstracts 2015<\/h2>\n\n\n\n<figure class=\"wp-block-image size-large\"><img decoding=\"async\" src=\"https:\/\/melcominternational.eu\/wp-content\/uploads\/2023\/01\/MI2015_Group_Picture-scaled.jpg\" alt=\"\"\/><\/figure>\n\n\n\n<p class=\"has-text-color has-medium-font-size\" style=\"color:#009080\"><br><a href=\"https:\/\/melcominternational.eu\/wp-content\/uploads\/2023\/01\/2015_abstracts.pdf\" data-type=\"URL\" data-id=\"https:\/\/melcominternational.eu\/wp-content\/uploads\/2023\/01\/2015_abstracts.pdf\" target=\"_blank\" rel=\"noreferrer noopener\">Abstracts<\/a><\/p>\n\n\n\n<p class=\"has-text-color has-medium-font-size\" style=\"color:#009080\"><br>Papers<\/p>\n\n\n\n<ul class=\"has-medium-font-size wp-block-list\"><li><strong>Ayouaz, Mohand Zine<\/strong> and <strong>Bachioua, Salem:<\/strong> <a href=\"https:\/\/melcominternational.eu\/wp-content\/uploads\/2023\/01\/MI2015_Paper_Ayouaz-Bachioua.pdf\" data-type=\"URL\" data-id=\"https:\/\/melcominternational.eu\/wp-content\/uploads\/2023\/01\/MI2015_Paper_Ayouaz-Bachioua.pdf\" target=\"_blank\" rel=\"noreferrer noopener\">Biblioth\u00e8ques alg\u00e9riennes \u00e0 travers le Catalogue Arabe Uni : Apports et perspectives<\/a><\/li><li><strong>Charafeddine, Fatme:<\/strong> <a href=\"https:\/\/melcominternational.eu\/wp-content\/uploads\/2023\/01\/MI2015_Paper_Charafeddine_Fatmeh.pdf\" data-type=\"URL\" data-id=\"https:\/\/melcominternational.eu\/wp-content\/uploads\/2023\/01\/MI2015_Paper_Charafeddine_Fatmeh.pdf\" target=\"_blank\" rel=\"noreferrer noopener\">Lebanese Archives in the French Archives: Issues and Initiatives<\/a><\/li><li><strong>Lalli, Chiara Maria Francesca:<\/strong> <a href=\"https:\/\/melcominternational.eu\/wp-content\/uploads\/2023\/01\/MI2015_Lalli.pdf\" data-type=\"URL\" data-id=\"https:\/\/melcominternational.eu\/wp-content\/uploads\/2023\/01\/MI2015_Lalli.pdf\" target=\"_blank\" rel=\"noreferrer noopener\">Reconstitution virtuelle de la production manuscrite originaire: le cas des balkans Ottomans<\/a><\/li><li><strong>Sidhoum, Khalida Hana:<\/strong> <a href=\"https:\/\/melcominternational.eu\/wp-content\/uploads\/2023\/01\/MI2015_Paper_-Sidhoum_KhalidaHana.pdf\" data-type=\"URL\" data-id=\"https:\/\/melcominternational.eu\/wp-content\/uploads\/2023\/01\/MI2015_Paper_-Sidhoum_KhalidaHana.pdf\" target=\"_blank\" rel=\"noreferrer noopener\">Les manuscrits Alg\u00e9riens &#8211; Etude de cas<\/a><\/li><li><strong>Sohail, Amr Rawhy:<\/strong> <a href=\"https:\/\/melcominternational.eu\/wp-content\/uploads\/2023\/01\/MI2015_Sohail_Amr_with_notes.pdf\" data-type=\"URL\" data-id=\"https:\/\/melcominternational.eu\/wp-content\/uploads\/2023\/01\/MI2015_Sohail_Amr_with_notes.pdf\" target=\"_blank\" rel=\"noreferrer noopener\">Press Archive of CEDEJ<\/a><\/li><\/ul>\n<\/div>\n<\/div><\/div>\n","protected":false},"excerpt":{"rendered":"","protected":false},"author":1,"featured_media":268,"parent":0,"menu_order":0,"comment_status":"closed","ping_status":"closed","template":"","meta":{"_themeisle_gutenberg_block_has_review":false,"footnotes":""},"class_list":["post-912","page","type-page","status-publish","has-post-thumbnail","hentry"],"_links":{"self":[{"href":"https:\/\/melcominternational.eu\/index.php\/wp-json\/wp\/v2\/pages\/912","targetHints":{"allow":["GET"]}}],"collection":[{"href":"https:\/\/melcominternational.eu\/index.php\/wp-json\/wp\/v2\/pages"}],"about":[{"href":"https:\/\/melcominternational.eu\/index.php\/wp-json\/wp\/v2\/types\/page"}],"author":[{"embeddable":true,"href":"https:\/\/melcominternational.eu\/index.php\/wp-json\/wp\/v2\/users\/1"}],"replies":[{"embeddable":true,"href":"https:\/\/melcominternational.eu\/index.php\/wp-json\/wp\/v2\/comments?post=912"}],"version-history":[{"count":6,"href":"https:\/\/melcominternational.eu\/index.php\/wp-json\/wp\/v2\/pages\/912\/revisions"}],"predecessor-version":[{"id":925,"href":"https:\/\/melcominternational.eu\/index.php\/wp-json\/wp\/v2\/pages\/912\/revisions\/925"}],"wp:featuredmedia":[{"embeddable":true,"href":"https:\/\/melcominternational.eu\/index.php\/wp-json\/wp\/v2\/media\/268"}],"wp:attachment":[{"href":"https:\/\/melcominternational.eu\/index.php\/wp-json\/wp\/v2\/media?parent=912"}],"curies":[{"name":"wp","href":"https:\/\/api.w.org\/{rel}","templated":true}]}}