{"id":822,"date":"2022-12-22T16:45:29","date_gmt":"2022-12-22T16:45:29","guid":{"rendered":"https:\/\/melcominternational.eu\/?page_id=822"},"modified":"2023-01-02T15:58:56","modified_gmt":"2023-01-02T15:58:56","slug":"papers-and-abstracts-2016","status":"publish","type":"page","link":"https:\/\/melcominternational.eu\/index.php\/papers-and-abstracts-2016\/","title":{"rendered":"Papers and Abstracts 2016"},"content":{"rendered":"\n<div id=\"wp-block-themeisle-blocks-advanced-columns-f99d5514\" class=\"wp-block-themeisle-blocks-advanced-columns has-1-columns has-desktop-equal-layout has-tablet-equal-layout has-mobile-equal-layout has-vertical-unset\"><div class=\"wp-block-themeisle-blocks-advanced-columns-overlay\"><\/div><div class=\"innerblocks-wrap\">\n<div id=\"wp-block-themeisle-blocks-advanced-column-b3e02184\" class=\"wp-block-themeisle-blocks-advanced-column\">\n<h2 class=\"has-text-color has-large-font-size wp-block-heading\" style=\"color:#009080\">Papers and Abstracts 2016<\/h2>\n\n\n\n<figure class=\"wp-block-image size-large\"><img loading=\"lazy\" decoding=\"async\" width=\"1024\" height=\"768\" src=\"https:\/\/melcominternational.eu\/wp-content\/uploads\/2022\/12\/MI2016_Group_Picture-1024x768.jpg\" alt=\"\" class=\"wp-image-819\" srcset=\"https:\/\/melcominternational.eu\/wp-content\/uploads\/2022\/12\/MI2016_Group_Picture-1024x768.jpg 1024w, https:\/\/melcominternational.eu\/wp-content\/uploads\/2022\/12\/MI2016_Group_Picture-300x225.jpg 300w, https:\/\/melcominternational.eu\/wp-content\/uploads\/2022\/12\/MI2016_Group_Picture-768x576.jpg 768w, https:\/\/melcominternational.eu\/wp-content\/uploads\/2022\/12\/MI2016_Group_Picture-1536x1152.jpg 1536w, https:\/\/melcominternational.eu\/wp-content\/uploads\/2022\/12\/MI2016_Group_Picture.jpg 1600w\" sizes=\"auto, (max-width: 767px) 89vw, (max-width: 1000px) 54vw, (max-width: 1071px) 543px, 580px\" \/><\/figure>\n<\/div>\n<\/div><\/div>\n\n\n\n<h2 class=\"has-text-color has-medium-font-size wp-block-heading\" style=\"color:#009080\"><a href=\"https:\/\/melcominternational.eu\/wp-content\/uploads\/2022\/12\/2016_abstracts.pdf\" data-type=\"URL\" data-id=\"https:\/\/melcominternational.eu\/wp-content\/uploads\/2022\/12\/2016_abstracts.pdf\" target=\"_blank\" rel=\"noreferrer noopener\">Abstracts<\/a><\/h2>\n\n\n\n<h2 class=\"has-text-color has-medium-font-size wp-block-heading\" style=\"color:#009080\">Papers<\/h2>\n\n\n\n<ul class=\"has-medium-font-size wp-block-list\"><li><strong>Abu Baker, Muneer: <\/strong><a rel=\"noreferrer noopener\" href=\"https:\/\/melcominternational.eu\/wp-content\/uploads\/2023\/01\/ABUBAKER_MI2016_Arabic_Collections_Online.pdf\" data-type=\"URL\" data-id=\"https:\/\/melcominternational.eu\/wp-content\/uploads\/2023\/01\/ABUBAKER_MI2016_Arabic_Collections_Online.pdf\" target=\"_blank\">Arabic collections online (ACO)<\/a><\/li><li><strong>Adam, Volker:<\/strong> <a rel=\"noreferrer noopener\" href=\"https:\/\/melcominternational.eu\/wp-content\/uploads\/2023\/01\/VOLKER_MI2016.pdf\" data-type=\"URL\" data-id=\"https:\/\/melcominternational.eu\/wp-content\/uploads\/2023\/01\/VOLKER_MI2016.pdf\" target=\"_blank\">The virtual library MENALIB and its Middle East related open access repository MENAdoc<\/a><\/li><li><strong>Bali, Rifat and Bali, Nedim:<\/strong> <a rel=\"noreferrer noopener\" href=\"https:\/\/melcominternational.eu\/wp-content\/uploads\/2023\/01\/BALI_MI2016_LIBRA-BOOKS-presentation.pdf\" data-type=\"URL\" data-id=\"https:\/\/melcominternational.eu\/wp-content\/uploads\/2023\/01\/BALI_MI2016_LIBRA-BOOKS-presentation.pdf\" target=\"_blank\">Turkish publishing sector in 2015<\/a><\/li><li><strong>Benaicha, Karima:<\/strong> <a rel=\"noreferrer noopener\" href=\"https:\/\/melcominternational.eu\/wp-content\/uploads\/2023\/01\/BENAICHA_MI2016_Ql_Furqan_Portal_presentation-MI2016.pdf\" data-type=\"URL\" data-id=\"https:\/\/melcominternational.eu\/wp-content\/uploads\/2023\/01\/BENAICHA_MI2016_Ql_Furqan_Portal_presentation-MI2016.pdf\" target=\"_blank\">Al-Furqan Digital Library Portal<\/a><\/li><li><strong>Bouderbane, A. and Gamouh, N.:<\/strong> <a rel=\"noreferrer noopener\" href=\"https:\/\/melcominternational.eu\/wp-content\/uploads\/2023\/01\/BOUDERBANE-GAMOUH-BENKAIDKESBA_MI2016.pdf\" data-type=\"URL\" data-id=\"https:\/\/melcominternational.eu\/wp-content\/uploads\/2023\/01\/BOUDERBANE-GAMOUH-BENKAIDKESBA_MI2016.pdf\" target=\"_blank\">Electronic resources in Algerian libraries: acquisition and usage<\/a><\/li><li><strong>Dougherty, Roberta:<\/strong> <a rel=\"noreferrer noopener\" href=\"https:\/\/melcominternational.eu\/wp-content\/uploads\/2023\/01\/DEMOWBRAY_MI2016_Early-Arabic_Printed_Books.pdf\" data-type=\"URL\" data-id=\"https:\/\/melcominternational.eu\/wp-content\/uploads\/2023\/01\/DEMOWBRAY_MI2016_Early-Arabic_Printed_Books.pdf\" target=\"_blank\">Salisbury&#8217;s legacy: 175 years of Arabic collecting in the United States<\/a><\/li><li><strong>Fawzy, George: <\/strong><a rel=\"noreferrer noopener\" href=\"https:\/\/melcominternational.eu\/wp-content\/uploads\/2023\/01\/FAWZI_MI2016_Leila-Books_2015-2016.pdf\" data-type=\"URL\" data-id=\"https:\/\/melcominternational.eu\/wp-content\/uploads\/2023\/01\/FAWZI_MI2016_Leila-Books_2015-2016.pdf\" target=\"_blank\">Editorial trends in the Arabic speaking Middle East Countries<\/a><\/li><li><strong>Fedeli, Alba and Faghihi, Yasmin: <\/strong><a rel=\"noreferrer noopener\" href=\"https:\/\/melcominternational.eu\/wp-content\/uploads\/2023\/01\/FEDELI-FAGHIHI_MI2016.pdf\" data-type=\"URL\" data-id=\"https:\/\/melcominternational.eu\/wp-content\/uploads\/2023\/01\/FEDELI-FAGHIHI_MI2016.pdf\" target=\"_blank\">The Lewis Qur&#8217;anic manuscript<\/a><\/li><li><strong>Ghali, Walid:<\/strong> <a rel=\"noreferrer noopener\" href=\"https:\/\/melcominternational.eu\/wp-content\/uploads\/2023\/01\/GHALI_MI2016_TO-PRINT-OR-NOT-TO-PRINT.pdf\" data-type=\"URL\" data-id=\"https:\/\/melcominternational.eu\/wp-content\/uploads\/2023\/01\/GHALI_MI2016_TO-PRINT-OR-NOT-TO-PRINT.pdf\" target=\"_blank\">To print or not to print &#8211; Is that still the question?<\/a><\/li><li><strong>Guichard, Benjamin:<\/strong> <a rel=\"noreferrer noopener\" href=\"https:\/\/melcominternational.eu\/wp-content\/uploads\/2023\/01\/GUICHARD_MI2016.pdf\" data-type=\"URL\" data-id=\"https:\/\/melcominternational.eu\/wp-content\/uploads\/2023\/01\/GUICHARD_MI2016.pdf\" target=\"_blank\">Looking for Basset and Deny collections<\/a><\/li><li><strong>Hirsh, David: <\/strong><a rel=\"noreferrer noopener\" href=\"https:\/\/melcominternational.eu\/wp-content\/uploads\/2023\/01\/HIRSCH_MI2016_Syrian-Refugees-and-their-Publications-in-Turkey.pdf\" data-type=\"URL\" data-id=\"https:\/\/melcominternational.eu\/wp-content\/uploads\/2023\/01\/HIRSCH_MI2016_Syrian-Refugees-and-their-Publications-in-Turkey.pdf\" target=\"_blank\">Syrian refugees and their publications in Turkey<\/a><\/li><li><strong>Mikati, Samar El-:<\/strong> <a rel=\"noreferrer noopener\" href=\"https:\/\/melcominternational.eu\/wp-content\/uploads\/2023\/01\/ELMIKATIELKAISSI_MI2016.pdf\" data-type=\"URL\" data-id=\"https:\/\/melcominternational.eu\/wp-content\/uploads\/2023\/01\/ELMIKATIELKAISSI_MI2016.pdf\" target=\"_blank\">Issa Iskandar el Ma&#8221;luf (1869-1956) talks!<\/a><\/li><li><strong>Mora Villarejo, Luisa:<\/strong> <a rel=\"noreferrer noopener\" href=\"https:\/\/melcominternational.eu\/wp-content\/uploads\/2023\/01\/MORA_VILLAREJO_MI2016.pdf\" data-type=\"URL\" data-id=\"https:\/\/melcominternational.eu\/wp-content\/uploads\/2023\/01\/MORA_VILLAREJO_MI2016.pdf\" target=\"_blank\">UNESCO-Sharjah award 2015 for the Islamic Library and early Arabic prints at the AECID Digital Library : a time to celebrate<\/a><\/li><li><strong>Mowbray, Julia de:<\/strong> <a rel=\"noreferrer noopener\" href=\"https:\/\/melcominternational.eu\/wp-content\/uploads\/2023\/01\/DEMOWBRAY_MI2016_Early-Arabic_Printed_Books.pdf\" data-type=\"URL\" data-id=\"https:\/\/melcominternational.eu\/wp-content\/uploads\/2023\/01\/DEMOWBRAY_MI2016_Early-Arabic_Printed_Books.pdf\" target=\"_blank\">Early Arabic printed books from the British Library<\/a><\/li><li><strong>Naeem, Faten and Refaat, Marianne: <\/strong><a rel=\"noreferrer noopener\" href=\"https:\/\/melcominternational.eu\/wp-content\/uploads\/2023\/01\/NAEEM-REFAAT_MI2016.pdf\" data-type=\"URL\" data-id=\"https:\/\/melcominternational.eu\/wp-content\/uploads\/2023\/01\/NAEEM-REFAAT_MI2016.pdf\" target=\"_blank\">Portail num\u00e9rique Biblioth\u00e8ques du Levant : identification et signalement du corpus<\/a><\/li><li><strong>Okuyucu, Cihan and Ceviz, Nurettin:<\/strong> <a rel=\"noreferrer noopener\" href=\"https:\/\/melcominternational.eu\/wp-content\/uploads\/2023\/01\/OKUYUCU-CEVIZ_MI2016.pdf\" data-type=\"URL\" data-id=\"https:\/\/melcominternational.eu\/wp-content\/uploads\/2023\/01\/OKUYUCU-CEVIZ_MI2016.pdf\" target=\"_blank\">Ottoman manuscripts in Croatia<\/a><\/li><li><strong>Rauch, Christoph:<\/strong> <a rel=\"noreferrer noopener\" href=\"https:\/\/melcominternational.eu\/wp-content\/uploads\/2023\/01\/RAUCH_MI2016.pdf\" data-type=\"URL\" data-id=\"https:\/\/melcominternational.eu\/wp-content\/uploads\/2023\/01\/RAUCH_MI2016.pdf\" target=\"_blank\">The retro-conversion of Oriental catalogues at SBB and the &#8216;Old Systematic Catalogue Online&#8217;<\/a><\/li><li><strong>Roper, Geoffrey: <\/strong><a rel=\"noreferrer noopener\" href=\"https:\/\/melcominternational.eu\/wp-content\/uploads\/2023\/01\/ROPER_M12016_LateArabPrinting.pdf\" data-type=\"URL\" data-id=\"https:\/\/melcominternational.eu\/wp-content\/uploads\/2023\/01\/ROPER_M12016_LateArabPrinting.pdf\" target=\"_blank\">Why did printing arrived &#8220;late&#8221; in the Middle East? A summary of the arguments<\/a><\/li><li><strong>Seghir, Yousra and Habchi, Khaled: <\/strong><a rel=\"noreferrer noopener\" href=\"https:\/\/melcominternational.eu\/wp-content\/uploads\/2023\/01\/HABCHI-SEGHIR_MI2016_Les_manuscrits_en_Tunisie.pdf\" data-type=\"URL\" data-id=\"https:\/\/melcominternational.eu\/wp-content\/uploads\/2023\/01\/HABCHI-SEGHIR_MI2016_Les_manuscrits_en_Tunisie.pdf\" target=\"_blank\">Les manuscrits en Tunisie &#8211; Identification et mise en valeur \u00e0 l&#8217;\u00e8re du num\u00e9rique<\/a><\/li><li><strong>Roumeissa, Soudous:<\/strong> <a rel=\"noreferrer noopener\" href=\"https:\/\/melcominternational.eu\/wp-content\/uploads\/2023\/01\/SOUDOUS_MI2016.pdf\" data-type=\"URL\" data-id=\"https:\/\/melcominternational.eu\/wp-content\/uploads\/2023\/01\/SOUDOUS_MI2016.pdf\" target=\"_blank\">Enluminure des manuscrits coraniques de la biblioth\u00e8que de l&#8217;Universit\u00e9 Islamique Emir Abdelkader Constantine &#8211; Alg\u00e9rie<\/a><\/li><li><strong>Sunuodula, Mamtimyn:<\/strong> <a rel=\"noreferrer noopener\" href=\"https:\/\/melcominternational.eu\/wp-content\/uploads\/2023\/01\/SUNUODULA_MI2016.pdf\" data-type=\"URL\" data-id=\"https:\/\/melcominternational.eu\/wp-content\/uploads\/2023\/01\/SUNUODULA_MI2016.pdf\" target=\"_blank\">Is there a role for Middle Eastern Library Collection in university internationalisation?<\/a><\/li><li><strong>Tate, Paul:<\/strong> <a rel=\"noreferrer noopener\" href=\"https:\/\/melcominternational.eu\/wp-content\/uploads\/2023\/01\/TATE_MI2016_NashriyahPresentation1.pdf\" data-type=\"URL\" data-id=\"https:\/\/melcominternational.eu\/wp-content\/uploads\/2023\/01\/TATE_MI2016_NashriyahPresentation1.pdf\" target=\"_blank\">Nashriyah: digital Iranian history<\/a><\/li><li><strong>Torres Santo Domingo, Nuria and Ibarra Ibaibarriaga, Maria: <\/strong><a rel=\"noreferrer noopener\" href=\"https:\/\/melcominternational.eu\/wp-content\/uploads\/2023\/01\/IBAIBARRIAGA-DOMINGO_MI2016_QNL_Presentation.pdf\" data-type=\"URL\" data-id=\"https:\/\/melcominternational.eu\/wp-content\/uploads\/2023\/01\/IBAIBARRIAGA-DOMINGO_MI2016_QNL_Presentation.pdf\" target=\"_blank\">Witnessing the history: the old Arabic serials collection of the Heritage Collection, Qatar National Library<\/a><\/li><li><strong>Ukeles, Raquel:<\/strong> <a rel=\"noreferrer noopener\" href=\"https:\/\/melcominternational.eu\/wp-content\/uploads\/2023\/01\/UKELES_MI2016_Jrayed.pdf\" data-type=\"URL\" data-id=\"https:\/\/melcominternational.eu\/wp-content\/uploads\/2023\/01\/UKELES_MI2016_Jrayed.pdf\" target=\"_blank\">Arabic newspapers of Ottoman and mandatory Palestine<\/a><\/li><li><strong>Vernay-Nouri, Annie:<\/strong> <a rel=\"noreferrer noopener\" href=\"https:\/\/melcominternational.eu\/wp-content\/uploads\/2023\/01\/VERNAYNOURI_MI2016.pdf\" data-type=\"URL\" data-id=\"https:\/\/melcominternational.eu\/wp-content\/uploads\/2023\/01\/VERNAYNOURI_MI2016.pdf\" target=\"_blank\">An exhibition about Kalila wa Dimna at the Institut du Monde Arabe<\/a><\/li><li><strong>Yontan, Sara:<\/strong> <a href=\"https:\/\/melcominternational.eu\/wp-content\/uploads\/2023\/01\/YONTAN_MI2016_Galland.pdf\" data-type=\"URL\" data-id=\"https:\/\/melcominternational.eu\/wp-content\/uploads\/2023\/01\/YONTAN_MI2016_Galland.pdf\" target=\"_blank\" rel=\"noreferrer noopener\">Lost in transcription with Antoine Galland<\/a><\/li><\/ul>\n","protected":false},"excerpt":{"rendered":"<p>Abstracts Papers Abu Baker, Muneer: Arabic collections online (ACO) Adam, Volker: The virtual library MENALIB and its Middle East related open access repository MENAdoc Bali, Rifat and Bali, Nedim: Turkish publishing sector in 2015 Benaicha, Karima: Al-Furqan Digital Library Portal Bouderbane, A. and Gamouh, N.: Electronic resources in Algerian libraries: acquisition and usage Dougherty, Roberta: &hellip; <\/p>\n<p class=\"link-more\"><a href=\"https:\/\/melcominternational.eu\/index.php\/papers-and-abstracts-2016\/\" class=\"more-link\">Continue reading<span class=\"screen-reader-text\"> &#8220;Papers and Abstracts 2016&#8221;<\/span><\/a><\/p>\n","protected":false},"author":1,"featured_media":0,"parent":0,"menu_order":0,"comment_status":"closed","ping_status":"closed","template":"","meta":{"_themeisle_gutenberg_block_has_review":false,"footnotes":""},"class_list":["post-822","page","type-page","status-publish","hentry"],"_links":{"self":[{"href":"https:\/\/melcominternational.eu\/index.php\/wp-json\/wp\/v2\/pages\/822","targetHints":{"allow":["GET"]}}],"collection":[{"href":"https:\/\/melcominternational.eu\/index.php\/wp-json\/wp\/v2\/pages"}],"about":[{"href":"https:\/\/melcominternational.eu\/index.php\/wp-json\/wp\/v2\/types\/page"}],"author":[{"embeddable":true,"href":"https:\/\/melcominternational.eu\/index.php\/wp-json\/wp\/v2\/users\/1"}],"replies":[{"embeddable":true,"href":"https:\/\/melcominternational.eu\/index.php\/wp-json\/wp\/v2\/comments?post=822"}],"version-history":[{"count":29,"href":"https:\/\/melcominternational.eu\/index.php\/wp-json\/wp\/v2\/pages\/822\/revisions"}],"predecessor-version":[{"id":926,"href":"https:\/\/melcominternational.eu\/index.php\/wp-json\/wp\/v2\/pages\/822\/revisions\/926"}],"wp:attachment":[{"href":"https:\/\/melcominternational.eu\/index.php\/wp-json\/wp\/v2\/media?parent=822"}],"curies":[{"name":"wp","href":"https:\/\/api.w.org\/{rel}","templated":true}]}}