{"id":709,"date":"2022-12-21T16:35:28","date_gmt":"2022-12-21T16:35:28","guid":{"rendered":"https:\/\/melcominternational.eu\/?page_id=709"},"modified":"2023-08-16T08:44:17","modified_gmt":"2023-08-16T08:44:17","slug":"709-2","status":"publish","type":"page","link":"https:\/\/melcominternational.eu\/index.php\/709-2\/","title":{"rendered":"Papers and Abstracts 2018"},"content":{"rendered":"\n<div id=\"wp-block-themeisle-blocks-advanced-columns-bf08b6d0\" class=\"wp-block-themeisle-blocks-advanced-columns has-1-columns has-desktop-equal-layout has-tablet-equal-layout has-mobile-equal-layout has-vertical-unset\"><div class=\"wp-block-themeisle-blocks-advanced-columns-overlay\"><\/div><div class=\"innerblocks-wrap\">\n<div id=\"wp-block-themeisle-blocks-advanced-column-d8d32f44\" class=\"wp-block-themeisle-blocks-advanced-column\">\n<h2 class=\"has-text-color has-large-font-size wp-block-heading\" style=\"color:#009080\">Papers and Abstracts 2018<\/h2>\n\n\n\n<figure class=\"wp-block-image size-large\"><img loading=\"lazy\" decoding=\"async\" width=\"1024\" height=\"682\" src=\"https:\/\/melcominternational.eu\/wp-content\/uploads\/2022\/12\/Budapest-1-1024x682.jpg\" alt=\"\" class=\"wp-image-717\" srcset=\"https:\/\/melcominternational.eu\/wp-content\/uploads\/2022\/12\/Budapest-1-1024x682.jpg 1024w, https:\/\/melcominternational.eu\/wp-content\/uploads\/2022\/12\/Budapest-1-300x200.jpg 300w, https:\/\/melcominternational.eu\/wp-content\/uploads\/2022\/12\/Budapest-1-768x512.jpg 768w, https:\/\/melcominternational.eu\/wp-content\/uploads\/2022\/12\/Budapest-1.jpg 1409w\" sizes=\"auto, (max-width: 767px) 89vw, (max-width: 1000px) 54vw, (max-width: 1071px) 543px, 580px\" \/><\/figure>\n\n\n\n<h2 class=\"has-text-color wp-block-heading\" style=\"color:#009080\"><a href=\"https:\/\/melcominternational.eu\/wp-content\/uploads\/2022\/12\/2018_abstratcs.pdf\" data-type=\"URL\" data-id=\"https:\/\/melcominternational.eu\/wp-content\/uploads\/2022\/12\/2018_abstratcs.pdf\">Abstracts<\/a><\/h2>\n\n\n\n<h2 class=\"has-text-color wp-block-heading\" style=\"color:#009080\">Papers<\/h2>\n\n\n\n<ul class=\"has-medium-font-size wp-block-list\"><li><strong>Abu Baker, Muneer: <\/strong><a href=\"https:\/\/melcominternational.eu\/wp-content\/uploads\/2022\/12\/Paper_2018_ABU-BAKER.pptx\" data-type=\"URL\" data-id=\"https:\/\/melcominternational.eu\/wp-content\/uploads\/2022\/12\/Paper_2018_ABU-BAKER.pptx\">Shifting from MARC21 to RDA: Challenges of Cataloging Arabic Manuscripts<\/a><\/li><li><strong>Adam, Volker and Piller, Anja:<\/strong> <a href=\"https:\/\/melcominternational.eu\/wp-content\/uploads\/2022\/12\/Paper_2018_ADAM_and_PILLER.pptx\" data-type=\"URL\" data-id=\"https:\/\/melcominternational.eu\/wp-content\/uploads\/2022\/12\/Paper_2018_ADAM_and_PILLER.pptx\">MENAdoc: The full text repository of Specialised Information Service (SIS)<\/a><\/li><li><strong>D\u00e9v\u00e9nyi, Kinga:<\/strong> <a href=\"https:\/\/melcominternational.eu\/wp-content\/uploads\/2022\/12\/PAPIER_Denvenyi_MI_2018.pdf\" data-type=\"URL\" data-id=\"https:\/\/melcominternational.eu\/wp-content\/uploads\/2022\/12\/PAPIER_Denvenyi_MI_2018.pdf\">The Correspondence of Ignaz Goldziher: An online database of over 13000 letters in the Library of the Hungarian Academy of Sciences<\/a><\/li><li><strong>Hughes, Heather:<\/strong> <a href=\"https:\/\/melcominternational.eu\/wp-content\/uploads\/2022\/12\/PAPIER_Hughes_MI2018.pdf\" data-type=\"URL\" data-id=\"https:\/\/melcominternational.eu\/wp-content\/uploads\/2022\/12\/PAPIER_Hughes_MI2018.pdf\">Middle Eastern sound collections at UC Santa Barbara Library<\/a><\/li><li><strong>Mazaud, Laurence: <\/strong><a href=\"https:\/\/melcominternational.eu\/wp-content\/uploads\/2022\/12\/PAPIER_Mazaud_MI_2018_4.pdf\" data-type=\"URL\" data-id=\"https:\/\/melcominternational.eu\/wp-content\/uploads\/2022\/12\/PAPIER_Mazaud_MI_2018_4.pdf\">La Biblioth\u00e8que de l&#8217;Institut du monde arabe: Projet de r\u00e9novation et bilan apr\u00e8s un an d&#8217;ouverture<\/a><\/li><li><strong>Menz, Astrid: <\/strong><a href=\"https:\/\/melcominternational.eu\/wp-content\/uploads\/2022\/12\/PAPIER_Menz_MI_2018_2.pdf\" data-type=\"URL\" data-id=\"https:\/\/melcominternational.eu\/wp-content\/uploads\/2022\/12\/PAPIER_Menz_MI_2018_2.pdf\">The digitization of historical newspapers at the Orient\u2010Institut Istanbul: Anatoli, \u0130r\u015fad, \u0130stiklal, Hayat and \u015earq\u2010\u0131 Rus<\/a><\/li><li><strong>\u00d6zkan, Naz and \u00d6zy\u0131ld\u0131r\u0131m, Ali Emre Dr.: <\/strong><a href=\"https:\/\/melcominternational.eu\/wp-content\/uploads\/2022\/12\/40thMELComInternationalConferencePaper-No.pdf\" data-type=\"URL\" data-id=\"https:\/\/melcominternational.eu\/wp-content\/uploads\/2022\/12\/40thMELComInternationalConferencePaper-No.pdf\">Suna K\u0131ra\u00e7 Library Manuscript Collection between the Digital World and Printed World<\/a><\/li><li><strong>Shehabeddin, Nabila:<\/strong> <a href=\"https:\/\/melcominternational.eu\/wp-content\/uploads\/2022\/12\/Paper_2018_SHABABEDDIN.pdf\" data-type=\"URL\" data-id=\"https:\/\/melcominternational.eu\/wp-content\/uploads\/2022\/12\/Paper_2018_SHABABEDDIN.pdf\">Intellectual Property Copyright and Fair Use &#8211; Lebanon as a Case Study<\/a><\/li><\/ul>\n<\/div>\n<\/div><\/div>\n","protected":false},"excerpt":{"rendered":"","protected":false},"author":1,"featured_media":0,"parent":0,"menu_order":0,"comment_status":"closed","ping_status":"closed","template":"","meta":{"_themeisle_gutenberg_block_has_review":false,"footnotes":""},"class_list":["post-709","page","type-page","status-publish","hentry"],"_links":{"self":[{"href":"https:\/\/melcominternational.eu\/index.php\/wp-json\/wp\/v2\/pages\/709","targetHints":{"allow":["GET"]}}],"collection":[{"href":"https:\/\/melcominternational.eu\/index.php\/wp-json\/wp\/v2\/pages"}],"about":[{"href":"https:\/\/melcominternational.eu\/index.php\/wp-json\/wp\/v2\/types\/page"}],"author":[{"embeddable":true,"href":"https:\/\/melcominternational.eu\/index.php\/wp-json\/wp\/v2\/users\/1"}],"replies":[{"embeddable":true,"href":"https:\/\/melcominternational.eu\/index.php\/wp-json\/wp\/v2\/comments?post=709"}],"version-history":[{"count":17,"href":"https:\/\/melcominternational.eu\/index.php\/wp-json\/wp\/v2\/pages\/709\/revisions"}],"predecessor-version":[{"id":743,"href":"https:\/\/melcominternational.eu\/index.php\/wp-json\/wp\/v2\/pages\/709\/revisions\/743"}],"wp:attachment":[{"href":"https:\/\/melcominternational.eu\/index.php\/wp-json\/wp\/v2\/media?parent=709"}],"curies":[{"name":"wp","href":"https:\/\/api.w.org\/{rel}","templated":true}]}}