{"id":296,"date":"2022-12-21T17:16:17","date_gmt":"2022-12-21T17:16:17","guid":{"rendered":"https:\/\/melcominternational.eu\/?page_id=296"},"modified":"2023-02-07T15:57:36","modified_gmt":"2023-02-07T15:57:36","slug":"papers-and-abstracts-2017","status":"publish","type":"page","link":"https:\/\/melcominternational.eu\/index.php\/papers-and-abstracts-2017\/","title":{"rendered":"Papers and Abstracts 2017"},"content":{"rendered":"\n<div id=\"wp-block-themeisle-blocks-advanced-columns-5978b880\" class=\"wp-block-themeisle-blocks-advanced-columns has-1-columns has-desktop-equal-layout has-tablet-equal-layout has-mobile-equal-layout has-vertical-unset\"><div class=\"wp-block-themeisle-blocks-advanced-columns-overlay\"><\/div><div class=\"innerblocks-wrap\">\n<div id=\"wp-block-themeisle-blocks-advanced-column-fd3c160e\" class=\"wp-block-themeisle-blocks-advanced-column\">\n<h2 class=\"has-text-color has-large-font-size wp-block-heading\" style=\"color:#009080\">Papers and Abstracts 2017<\/h2>\n\n\n\n<div id=\"wp-block-themeisle-blocks-slider-52b26209\" class=\"wp-block-themeisle-blocks-slider glide\" data-per-view=\"1\" data-gap=\"0\" data-peek=\"0\" data-autoplay=\"true\" data-height=\"400px\" data-hide-arrows=\"false\"><div class=\"glide__track\" data-glide-el=\"track\"><div class=\"glide__slides\"><div class=\"wp-block-themeisle-blocks-slider-item-wrapper glide__slide\" tabindex=\"0\"><figure><img decoding=\"async\" class=\"wp-block-themeisle-blocks-slider-item\" src=\"https:\/\/melcominternational.eu\/wp-content\/uploads\/2022\/10\/Cambridge1-1-scaled.jpg\" alt=\"\" title=\"\" data-id=\"231\"\/><\/figure><\/div><div class=\"wp-block-themeisle-blocks-slider-item-wrapper glide__slide\" tabindex=\"0\"><figure><img decoding=\"async\" class=\"wp-block-themeisle-blocks-slider-item\" src=\"https:\/\/melcominternational.eu\/wp-content\/uploads\/2022\/12\/Cambridge0-scaled.jpg\" alt=\"\" title=\"\" data-id=\"809\"\/><\/figure><\/div><\/div><div class=\"glide__bullets\" data-glide-el=\"controls[nav]\"><button class=\"glide__bullet\" data-glide-dir=\"=0\"><\/button><button class=\"glide__bullet\" data-glide-dir=\"=1\"><\/button><\/div><\/div><\/div>\n\n\n\n<p class=\"has-text-color has-medium-font-size\" style=\"color:#009080\"><br><a href=\"https:\/\/melcominternational.eu\/wp-content\/uploads\/2022\/12\/2017_abstracts.pdf\" data-type=\"URL\" data-id=\"https:\/\/melcominternational.eu\/wp-content\/uploads\/2022\/12\/2017_abstracts.pdf\">Abstracts<\/a><\/p>\n\n\n\n<p class=\"has-text-color has-medium-font-size\" style=\"color:#009080\">Papers<\/p>\n\n\n\n<ul class=\"has-medium-font-size wp-block-list\"><li><strong>Abu Baker, Muneer:<\/strong> <a href=\"https:\/\/melcominternational.eu\/wp-content\/uploads\/2022\/12\/AbuBaker_MI_Cambridge.pdf\" data-type=\"URL\" data-id=\"https:\/\/melcominternational.eu\/wp-content\/uploads\/2022\/12\/AbuBaker_MI_Cambridge.pdf\">Open Access Islamic Manuscripts Collections<\/a><\/li><li><strong>Adam, Volker:<\/strong> <a href=\"https:\/\/melcominternational.eu\/wp-content\/uploads\/2022\/12\/Adam_2017_AlphabetReforms.pdf\" data-type=\"URL\" data-id=\"https:\/\/melcominternational.eu\/wp-content\/uploads\/2022\/12\/Adam_2017_AlphabetReforms.pdf\">Literature from Azerbaijan: How to cope with constant alphabet reforms and diverse Romanisation methods?<\/a><\/li><li><strong>Baghdadi, Mohammad Al-:<\/strong> <a href=\"https:\/\/melcominternational.eu\/wp-content\/uploads\/2022\/12\/AlBaghdadi_MI_Cambridge.pdf\" data-type=\"URL\" data-id=\"https:\/\/melcominternational.eu\/wp-content\/uploads\/2022\/12\/AlBaghdadi_MI_Cambridge.pdf\">Al-Manhal Islamic world &amp; Middle East Publications. An introduction to the content and technology<\/a><\/li><li><strong>Bezirci, Pervin and Kalin, Cihan:<\/strong> <a href=\"https:\/\/melcominternational.eu\/wp-content\/uploads\/2022\/12\/Bezirci_Kalin_MI_Cambridge.pdf\" data-type=\"URL\" data-id=\"https:\/\/melcominternational.eu\/wp-content\/uploads\/2022\/12\/Bezirci_Kalin_MI_Cambridge.pdf\">Libraries during Sultan Abdulhamit II&#8217;s Era and Istanbul University&#8217;s Yildiz Palace Collection<\/a><\/li><li><strong>Bouderbane, Azzedine; Gamouh, Nadjia and Benkaid-Kesba, Teboura: <\/strong><a href=\"https:\/\/melcominternational.eu\/wp-content\/uploads\/2022\/12\/Bouderbane_etal_MI_Cambrdige.pdf\" data-type=\"URL\" data-id=\"https:\/\/melcominternational.eu\/wp-content\/uploads\/2022\/12\/Bouderbane_etal_MI_Cambrdige.pdf\">Une culture de l&#8217;information pour une communication efficiente : les biblioth\u00e9caires sous les projecteurs<\/a><\/li><li><strong>Chaabane, Zouhour:<\/strong> <a href=\"https:\/\/melcominternational.eu\/wp-content\/uploads\/2022\/12\/Chaabane_MI_Cambridge.pdf\" data-type=\"URL\" data-id=\"https:\/\/melcominternational.eu\/wp-content\/uploads\/2022\/12\/Chaabane_MI_Cambridge.pdf\">Le chantier de signalement en ligne des manuscrits arabes de la BULAC<\/a><\/li><li><strong>Chebani, Basma:<\/strong> <a href=\"https:\/\/melcominternational.eu\/wp-content\/uploads\/2022\/12\/Chebani_Kahane_MI_Cambridge_Texte.pdf\" data-type=\"URL\" data-id=\"https:\/\/melcominternational.eu\/wp-content\/uploads\/2022\/12\/Chebani_Kahane_MI_Cambridge_Texte.pdf\">Al-Adab Magazine Archives: Digitization, Metadata creation, preservation and access<\/a><\/li><li><strong>Hopwood, Derek:<\/strong> <a href=\"https:\/\/melcominternational.eu\/wp-content\/uploads\/2022\/12\/Hopwood_MI_2017.pdf\" data-type=\"URL\" data-id=\"https:\/\/melcominternational.eu\/wp-content\/uploads\/2022\/12\/Hopwood_MI_2017.pdf\">Melcom Memories<\/a><\/li><li><strong>Hussein Moustafa, Laila:<\/strong> <a href=\"https:\/\/melcominternational.eu\/wp-content\/uploads\/2022\/12\/Hussein-Mustafa_MI_Cambrdige.pdf\" data-type=\"URL\" data-id=\"https:\/\/melcominternational.eu\/wp-content\/uploads\/2022\/12\/Hussein-Mustafa_MI_Cambrdige.pdf\">Endangered Research and Research Endangered<\/a><\/li><li><strong>Jovanovic, Marko: <\/strong><a href=\"https:\/\/melcominternational.eu\/wp-content\/uploads\/2022\/12\/Jovanovic_MI_2017.pdf\" data-type=\"URL\" data-id=\"https:\/\/melcominternational.eu\/wp-content\/uploads\/2022\/12\/Jovanovic_MI_2017.pdf\">The Oriental Manuscripts Collection in the Belgrade University Library: unexplored but digitized cultural heritage<\/a><\/li><li><strong>Kadic-Zutic, Fatima: <\/strong><a rel=\"noreferrer noopener\" href=\"https:\/\/melcominternational.eu\/wp-content\/uploads\/2023\/02\/FATIMA-ZUTIC_BOOKS-PRINTED-IN-BOSNIAN....pdf\" data-type=\"URL\" data-id=\"https:\/\/melcominternational.eu\/wp-content\/uploads\/2023\/02\/FATIMA-ZUTIC_BOOKS-PRINTED-IN-BOSNIAN....pdf\" target=\"_blank\">Printed Works in Bosnian Language in Arabic script (arebica): an Overview<\/a><\/li><li><strong>Kenderova, Stoyanka:<\/strong> <a href=\"https:\/\/melcominternational.eu\/wp-content\/uploads\/2022\/12\/Kenderova_MI_2017-1.pdf\" data-type=\"URL\" data-id=\"https:\/\/melcominternational.eu\/wp-content\/uploads\/2022\/12\/Kenderova_MI_2017-1.pdf\">La biblioth\u00e0que d&#8217;Osman Pazvantoglu dans la ville de Vidin selon son catalogue d\u00e9livr\u00e9 en 1837<\/a><\/li><li><strong>Kentel, Koca Mehmet:<\/strong> <a href=\"https:\/\/melcominternational.eu\/wp-content\/uploads\/2022\/12\/Kentel_MAJ.pdf\" data-type=\"URL\" data-id=\"https:\/\/melcominternational.eu\/wp-content\/uploads\/2022\/12\/Kentel_MAJ.pdf\">BiblioPera: Making Global Partnerships in the Local Context<\/a><\/li><li><strong>Langella, MariaLuisa:<\/strong> <a href=\"https:\/\/melcominternational.eu\/wp-content\/uploads\/2022\/12\/Langella_MI_2017.pdf\" data-type=\"URL\" data-id=\"https:\/\/melcominternational.eu\/wp-content\/uploads\/2022\/12\/Langella_MI_2017.pdf\">Middle East Centre, St. Antony&#8217;s College : 60th anniversary<\/a><\/li><li><strong>Menz, Astrid:<\/strong> <a href=\"https:\/\/melcominternational.eu\/wp-content\/uploads\/2022\/12\/Menz_MI_2017.pdf\" data-type=\"URL\" data-id=\"https:\/\/melcominternational.eu\/wp-content\/uploads\/2022\/12\/Menz_MI_2017.pdf\">The rare books collection of the Orient-Institut Istanbul<\/a><\/li><li><strong>Mora, Luisa:<\/strong> <a href=\"https:\/\/melcominternational.eu\/wp-content\/uploads\/2022\/12\/Mora_MI_2017.pdf\" data-type=\"URL\" data-id=\"https:\/\/melcominternational.eu\/wp-content\/uploads\/2022\/12\/Mora_MI_2017.pdf\">Islamic Library and contemporary donations: how to concentrate institutional resources <\/a><\/li><li><strong>Moussa, Amine and Kattoura, Antoinette:<\/strong> <a href=\"https:\/\/melcominternational.eu\/wp-content\/uploads\/2022\/12\/Kattoura_Moussa_MI_Cambrdige.pdf\" data-type=\"URL\" data-id=\"https:\/\/melcominternational.eu\/wp-content\/uploads\/2022\/12\/Kattoura_Moussa_MI_Cambrdige.pdf\">The Oriental Manuscripts Collection in the Belgrade University Library: unexplored but digitized cultural heritage<\/a><\/li><li><strong>Muratgia, Antonella and Bernardini, Michele:<\/strong> <a href=\"https:\/\/melcominternational.eu\/wp-content\/uploads\/2022\/12\/Muratgia_MI_Cambridge.pdf\" data-type=\"URL\" data-id=\"https:\/\/melcominternational.eu\/wp-content\/uploads\/2022\/12\/Muratgia_MI_Cambridge.pdf\">The Orientale University and the Oriental collections in Naples<\/a><\/li><li><strong>Pehlivanian, Melin\u00e9: <\/strong><a href=\"https:\/\/melcominternational.eu\/wp-content\/uploads\/2022\/12\/Pehlivanian_MI_2017.pdf\" data-type=\"URL\" data-id=\"https:\/\/melcominternational.eu\/wp-content\/uploads\/2022\/12\/Pehlivanian_MI_2017.pdf\">The collection of Oriental Bible manuscripts of the Staatsbibliothek zu Berlin<\/a><\/li><li><strong>Rebhahn, Helga:<\/strong> <a href=\"https:\/\/melcominternational.eu\/wp-content\/uploads\/2022\/12\/Rebhan_2017_ArabicBlockPrints.pdf\" data-type=\"URL\" data-id=\"https:\/\/melcominternational.eu\/wp-content\/uploads\/2022\/12\/Rebhan_2017_ArabicBlockPrints.pdf\">Against real and imaginary dangers: Two recently discovered Arabic block-prints<\/a><\/li><li><strong>Sims-Williams, Ursula: <\/strong><a href=\"https:\/\/melcominternational.eu\/wp-content\/uploads\/2022\/12\/Sims-Williams_MI_2017.pdf\" data-type=\"URL\" data-id=\"https:\/\/melcominternational.eu\/wp-content\/uploads\/2022\/12\/Sims-Williams_MI_2017.pdf\">The Manuscript Collection of Tipu Sultan of Mysore<\/a><\/li><li><strong>Steinberg, Amanda:<\/strong> <a href=\"https:\/\/melcominternational.eu\/wp-content\/uploads\/2022\/12\/Steinberg_MI_2017.pdf\" data-type=\"URL\" data-id=\"https:\/\/melcominternational.eu\/wp-content\/uploads\/2022\/12\/Steinberg_MI_2017.pdf\">A Middle East Librarian&#8217;s Role on the Most Politically Active Campus in America? Support, support, support<\/a><\/li><li><strong>Vrolijk, Arnoud: <\/strong><a href=\"https:\/\/melcominternational.eu\/wp-content\/uploads\/2022\/12\/Vrolijk_MI_2017_Enriched_Text.pdf\" data-type=\"URL\" data-id=\"https:\/\/melcominternational.eu\/wp-content\/uploads\/2022\/12\/Vrolijk_MI_2017_Enriched_Text.pdf\">The 1001 Nights in the Eighteenth-Century Dutch Republic<\/a><\/li><li><strong>Weheba, Imen: <\/strong><a href=\"https:\/\/melcominternational.eu\/wp-content\/uploads\/2022\/12\/Khairy_MI_2017.pdf\" data-type=\"URL\" data-id=\"https:\/\/melcominternational.eu\/wp-content\/uploads\/2022\/12\/Khairy_MI_2017.pdf\">Expansion vs. Arabization: A comparative study of the Islamic topics in theArabic and English standard classification systems<\/a><\/li><\/ul>\n<\/div>\n<\/div><\/div>\n","protected":false},"excerpt":{"rendered":"","protected":false},"author":1,"featured_media":0,"parent":0,"menu_order":0,"comment_status":"closed","ping_status":"closed","template":"","meta":{"_themeisle_gutenberg_block_has_review":false,"footnotes":""},"class_list":["post-296","page","type-page","status-publish","hentry"],"_links":{"self":[{"href":"https:\/\/melcominternational.eu\/index.php\/wp-json\/wp\/v2\/pages\/296","targetHints":{"allow":["GET"]}}],"collection":[{"href":"https:\/\/melcominternational.eu\/index.php\/wp-json\/wp\/v2\/pages"}],"about":[{"href":"https:\/\/melcominternational.eu\/index.php\/wp-json\/wp\/v2\/types\/page"}],"author":[{"embeddable":true,"href":"https:\/\/melcominternational.eu\/index.php\/wp-json\/wp\/v2\/users\/1"}],"replies":[{"embeddable":true,"href":"https:\/\/melcominternational.eu\/index.php\/wp-json\/wp\/v2\/comments?post=296"}],"version-history":[{"count":34,"href":"https:\/\/melcominternational.eu\/index.php\/wp-json\/wp\/v2\/pages\/296\/revisions"}],"predecessor-version":[{"id":1044,"href":"https:\/\/melcominternational.eu\/index.php\/wp-json\/wp\/v2\/pages\/296\/revisions\/1044"}],"wp:attachment":[{"href":"https:\/\/melcominternational.eu\/index.php\/wp-json\/wp\/v2\/media?parent=296"}],"curies":[{"name":"wp","href":"https:\/\/api.w.org\/{rel}","templated":true}]}}