{"id":178,"date":"2022-10-10T15:48:15","date_gmt":"2022-10-10T15:48:15","guid":{"rendered":"https:\/\/melcominternational.eu\/?page_id=178"},"modified":"2025-11-17T11:19:51","modified_gmt":"2025-11-17T11:19:51","slug":"past-board-members","status":"publish","type":"page","link":"https:\/\/melcominternational.eu\/index.php\/past-board-members\/","title":{"rendered":"Past Board Members"},"content":{"rendered":"\n<div id=\"wp-block-themeisle-blocks-advanced-columns-4e5ddd8f\" class=\"wp-block-themeisle-blocks-advanced-columns has-1-columns has-desktop-equal-layout has-tablet-equal-layout has-mobile-equal-layout has-vertical-unset\"><div class=\"wp-block-themeisle-blocks-advanced-columns-overlay\"><\/div><div class=\"innerblocks-wrap\">\n<div id=\"wp-block-themeisle-blocks-advanced-column-4a772ce9\" class=\"wp-block-themeisle-blocks-advanced-column\">\n<p class=\"has-text-color has-medium-font-size\" style=\"color:#009080\"><strong>Presidents<\/strong><\/p>\n\n\n\n<ul style=\"background-color:#efebeb\" class=\"wp-block-list has-background has-medium-font-size\">\n<li>Derek Hopwood, St Antony\u2019s College, Oxford University (1979-1989)<\/li>\n\n\n\n<li>Jan Just Witkam, Leiden University Library (1990-1999)<\/li>\n\n\n\n<li>Fr\u00e9d\u00e9ric Bauden, Universit\u00e9 de Li\u00e8ge (2000-2001)<\/li>\n\n\n\n<li>Arnoud Vrolijk, Leiden University Library (2002-2008)<\/li>\n\n\n\n<li>Helga Rebhan, Bayerische Staatsbibliothek, M\u00fcnchen (2009-2016)<\/li>\n\n\n\n<li>Sara Yontan Musnik, Biblioth\u00e8que nationale de France, Paris (2017-2019)<\/li>\n<\/ul>\n\n\n\n<p class=\"has-text-color has-medium-font-size\" style=\"color:#009080\"><br><strong>Secretaries<\/strong><\/p>\n\n\n\n<ul style=\"background-color:#efebeb\" class=\"wp-block-list has-background has-medium-font-size\">\n<li>Paul Auchterlonie, Exeter University Library, UK (1979-XXXX)<\/li>\n\n\n\n<li>Wolfgang Behn, Staatsbibliothek zu Berlin, Germany (1987-1988)<\/li>\n\n\n\n<li>Genevi\u00e8ve Joly (1988-1989)<\/li>\n\n\n\n<li>Fran\u00e7oise Kotobi, Institut d\u2019\u00e9tudes iraniennes, Paris (1989-1997)<\/li>\n\n\n\n<li>Andreas Drechsler, Bamberg University Library (1998-1999)<\/li>\n\n\n\n<li>Nathalie Rodriguez, Biblioth\u00e8que interuniversitaire des langues orientales, Paris (2000-2005)<\/li>\n\n\n\n<li>Sara Yontan Musnik, Biblioth\u00e8que nationale de France, Paris (2006-2011)<\/li>\n\n\n\n<li>Dominique Akhoun-Schwarb, SOAS, University of London (2012-2017)<\/li>\n\n\n\n<li>MariaLuisa Langella, St Antony&#8217;s College, University of Oxford (2017-2022)<\/li>\n<\/ul>\n\n\n\n<p class=\"has-text-color has-medium-font-size\" style=\"color:#009080\"><br><strong>Treasurers<\/strong><\/p>\n\n\n\n<ul style=\"background-color:#efebeb\" class=\"wp-block-list has-background has-medium-font-size\">\n<li>Jill Butterworth, Cambridge University Library, Cambridge, UK <\/li>\n\n\n\n<li>Meline Nielsen, Birmingham University Library, Birmingham, UK (199X-2005)<\/li>\n\n\n\n<li>Mastan Ebtehaj, St. Antony\u2019s College, Oxford, UK (2006-2011)<\/li>\n\n\n\n<li>Farzaneh Zareie, BULAC, Paris (2012-2017)<\/li>\n\n\n\n<li>Andreas Drechsler, Bamberg University Library, Bamberg (2018-2019)<\/li>\n\n\n\n<li>Anne-Sylvie Cathelineau (2019-2024)<\/li>\n<\/ul>\n<\/div>\n<\/div><\/div>\n\n\n\n<p><\/p>\n","protected":false},"excerpt":{"rendered":"","protected":false},"author":1,"featured_media":0,"parent":0,"menu_order":0,"comment_status":"closed","ping_status":"closed","template":"","meta":{"_themeisle_gutenberg_block_has_review":false,"footnotes":""},"class_list":["post-178","page","type-page","status-publish","hentry"],"_links":{"self":[{"href":"https:\/\/melcominternational.eu\/index.php\/wp-json\/wp\/v2\/pages\/178","targetHints":{"allow":["GET"]}}],"collection":[{"href":"https:\/\/melcominternational.eu\/index.php\/wp-json\/wp\/v2\/pages"}],"about":[{"href":"https:\/\/melcominternational.eu\/index.php\/wp-json\/wp\/v2\/types\/page"}],"author":[{"embeddable":true,"href":"https:\/\/melcominternational.eu\/index.php\/wp-json\/wp\/v2\/users\/1"}],"replies":[{"embeddable":true,"href":"https:\/\/melcominternational.eu\/index.php\/wp-json\/wp\/v2\/comments?post=178"}],"version-history":[{"count":10,"href":"https:\/\/melcominternational.eu\/index.php\/wp-json\/wp\/v2\/pages\/178\/revisions"}],"predecessor-version":[{"id":1649,"href":"https:\/\/melcominternational.eu\/index.php\/wp-json\/wp\/v2\/pages\/178\/revisions\/1649"}],"wp:attachment":[{"href":"https:\/\/melcominternational.eu\/index.php\/wp-json\/wp\/v2\/media?parent=178"}],"curies":[{"name":"wp","href":"https:\/\/api.w.org\/{rel}","templated":true}]}}