{"id":1500,"date":"2024-09-11T13:42:51","date_gmt":"2024-09-11T13:42:51","guid":{"rendered":"https:\/\/melcominternational.eu\/?page_id=1500"},"modified":"2024-09-11T15:14:39","modified_gmt":"2024-09-11T15:14:39","slug":"papers-2024","status":"publish","type":"page","link":"https:\/\/melcominternational.eu\/index.php\/papers-2024\/","title":{"rendered":"Papers 2024"},"content":{"rendered":"\n<h1 class=\"wp-block-heading has-text-color has-link-color wp-elements-87269bb877d4abda855e22b4a32b6185\" style=\"color:#009080\">Papers 2024<\/h1>\n\n\n\n<figure class=\"wp-block-image size-large\"><img loading=\"lazy\" decoding=\"async\" width=\"1024\" height=\"491\" src=\"https:\/\/melcominternational.eu\/wp-content\/uploads\/2024\/09\/Gruppenbild1-1024x491.jpg\" alt=\"\" class=\"wp-image-1544\" srcset=\"https:\/\/melcominternational.eu\/wp-content\/uploads\/2024\/09\/Gruppenbild1-1024x491.jpg 1024w, https:\/\/melcominternational.eu\/wp-content\/uploads\/2024\/09\/Gruppenbild1-300x144.jpg 300w, https:\/\/melcominternational.eu\/wp-content\/uploads\/2024\/09\/Gruppenbild1-768x368.jpg 768w, https:\/\/melcominternational.eu\/wp-content\/uploads\/2024\/09\/Gruppenbild1-1536x737.jpg 1536w, https:\/\/melcominternational.eu\/wp-content\/uploads\/2024\/09\/Gruppenbild1-2048x983.jpg 2048w\" sizes=\"auto, (max-width: 767px) 89vw, (max-width: 1000px) 54vw, (max-width: 1071px) 543px, 580px\" \/><\/figure>\n\n\n\n<figure class=\"wp-block-image size-large\"><img loading=\"lazy\" decoding=\"async\" width=\"1024\" height=\"576\" src=\"https:\/\/melcominternational.eu\/wp-content\/uploads\/2024\/09\/Gruppenbild2-1024x576.jpg\" alt=\"\" class=\"wp-image-1545\" srcset=\"https:\/\/melcominternational.eu\/wp-content\/uploads\/2024\/09\/Gruppenbild2-1024x576.jpg 1024w, https:\/\/melcominternational.eu\/wp-content\/uploads\/2024\/09\/Gruppenbild2-300x169.jpg 300w, https:\/\/melcominternational.eu\/wp-content\/uploads\/2024\/09\/Gruppenbild2-768x432.jpg 768w, https:\/\/melcominternational.eu\/wp-content\/uploads\/2024\/09\/Gruppenbild2-1536x864.jpg 1536w, https:\/\/melcominternational.eu\/wp-content\/uploads\/2024\/09\/Gruppenbild2-2048x1152.jpg 2048w\" sizes=\"auto, (max-width: 767px) 89vw, (max-width: 1000px) 54vw, (max-width: 1071px) 543px, 580px\" \/><figcaption class=\"wp-element-caption\">45th MELCom International Conference 2024<\/figcaption><\/figure>\n\n\n\n<ul style=\"background-color:#efebeb\" class=\"has-background wp-block-list\">\n<li><strong>Avetisyan, Ani:<\/strong><a href=\"https:\/\/melcominternational.eu\/wp-content\/uploads\/2024\/09\/Ottoman-Turkish-Manuscripts-by-Famous-Ottoman-Physicians_Ani-Avetisyan.pdf\" data-type=\"link\" data-id=\"https:\/\/melcominternational.eu\/wp-content\/uploads\/2024\/09\/Ottoman-Turkish-Manuscripts-by-Famous-Ottoman-Physicians_Ani-Avetisyan.pdf\"> <\/a><a href=\"https:\/\/melcominternational.eu\/wp-content\/uploads\/2024\/09\/Ottoman-Turkish-Manuscripts-by-Famous-Ottoman-Physicians_Ani-Avetisyan.pdf\" data-type=\"link\" data-id=\"https:\/\/melcominternational.eu\/wp-content\/uploads\/2024\/09\/Ottoman-Turkish-Manuscripts-by-Famous-Ottoman-Physicians_Ani-Avetisyan.pdf\" target=\"_blank\" rel=\"noreferrer noopener\">Ottoman Turkish Manuscripts by Famous Ottoman Physicians<\/a><\/li>\n\n\n\n<li><strong>Aysal Cin, Duygu:<\/strong> <a href=\"https:\/\/melcominternational.eu\/wp-content\/uploads\/2024\/09\/The-Library-of-Higher-School-of-Engineering-Muhendis-Mekteb-i-Alisi_Duygu-AysalCin.pdf\" data-type=\"link\" data-id=\"https:\/\/melcominternational.eu\/wp-content\/uploads\/2024\/09\/The-Library-of-Higher-School-of-Engineering-Muhendis-Mekteb-i-Alisi_Duygu-AysalCin.pdf\" target=\"_blank\" rel=\"noreferrer noopener\">The Library of the Higher School of Engineering (M\u00fchendis Mekteb i \u00c2l\u00eesi) in the Late Ottoman Empire and early Turkish Republic ( 1909 &#8211; 1944)<\/a><\/li>\n\n\n\n<li><strong>Chorfa, Abir:<\/strong> <a href=\"https:\/\/melcominternational.eu\/wp-content\/uploads\/2024\/09\/Digital-Technology-and-Cultural-Heritage-Preservation-in-Algeria_Abir-Chorfa.pdf\" data-type=\"link\" data-id=\"https:\/\/melcominternational.eu\/wp-content\/uploads\/2024\/09\/Digital-Technology-and-Cultural-Heritage-Preservation-in-Algeria_Abir-Chorfa.pdf\" target=\"_blank\" rel=\"noreferrer noopener\">Digital Technology and Cultural Heritage Preservation in Algeria<\/a><\/li>\n\n\n\n<li><strong>Cox, Debbie:<\/strong> <a href=\"https:\/\/melcominternational.eu\/wp-content\/uploads\/2024\/09\/Arabic-Collections-in-the-British-Library-at-50-_Debbie-Cox.pdf\" data-type=\"link\" data-id=\"https:\/\/melcominternational.eu\/wp-content\/uploads\/2024\/09\/Arabic-Collections-in-the-British-Library-at-50-_Debbie-Cox.pdf\" target=\"_blank\" rel=\"noreferrer noopener\">Arabic Collections in the British Library at 50<\/a><\/li>\n\n\n\n<li><strong>El-Sherbini, Magda:<\/strong> <a href=\"https:\/\/melcominternational.eu\/wp-content\/uploads\/2024\/09\/AI-and-Organization-of-Information_Magda-El-Sherbini.pdf\" data-type=\"link\" data-id=\"https:\/\/melcominternational.eu\/wp-content\/uploads\/2024\/09\/AI-and-Organization-of-Information_Magda-El-Sherbini.pdf\" target=\"_blank\" rel=\"noreferrer noopener\">AI and Organization of Information<\/a><\/li>\n\n\n\n<li><strong>El-Zalabany, Mohamed: <\/strong><a href=\"https:\/\/melcominternational.eu\/wp-content\/uploads\/2024\/09\/Significance-of-Transliteration-for-Accessibility-of-Arabic-Research-Data_Mohamed-Elzalabany.pdf\" data-type=\"link\" data-id=\"https:\/\/melcominternational.eu\/wp-content\/uploads\/2024\/09\/Significance-of-Transliteration-for-Accessibility-of-Arabic-Research-Data_Mohamed-Elzalabany.pdf\" target=\"_blank\" rel=\"noreferrer noopener\">The Significance of Transliteration in Enhancing Accessibility and Exchange of Arabic Research Data<\/a><\/li>\n\n\n\n<li><strong>Faghihi, Yasmin:<\/strong> <a href=\"https:\/\/melcominternational.eu\/wp-content\/uploads\/2024\/09\/Digital-Humanities-in-Libraries_Yasmin-Faghihi.pdf\" data-type=\"link\" data-id=\"https:\/\/melcominternational.eu\/wp-content\/uploads\/2024\/09\/Digital-Humanities-in-Libraries_Yasmin-Faghihi.pdf\" target=\"_blank\" rel=\"noreferrer noopener\">Digital Humanities in Libraries<\/a><\/li>\n\n\n\n<li><strong>Farooq Buttar, Maida:<\/strong> <a href=\"https:\/\/melcominternational.eu\/wp-content\/uploads\/2024\/09\/Persian-and-OCR-for-Open-Source-_-Experiences-at-FID-Nahost-Halle__Maida-Farooq-Buttar.pdf\" data-type=\"link\" data-id=\"https:\/\/melcominternational.eu\/wp-content\/uploads\/2024\/09\/Persian-and-OCR-for-Open-Source-_-Experiences-at-FID-Nahost-Halle__Maida-Farooq-Buttar.pdf\" target=\"_blank\" rel=\"noreferrer noopener\">Persian and Arabic Optical Character Recognition for Open Source: Experiences of the FID Nahost , Halle (Saale)<\/a><\/li>\n\n\n\n<li><strong>Feodorov, Ioana:<\/strong> <a href=\"https:\/\/melcominternational.eu\/wp-content\/uploads\/2024\/09\/Arabic-Books-Printed-in-18-Century-Moldavia-Wallachia-and-greater-Syria_Ioana-Feodorov.pdf\" data-type=\"link\" data-id=\"https:\/\/melcominternational.eu\/wp-content\/uploads\/2024\/09\/Arabic-Books-Printed-in-18-Century-Moldavia-Wallachia-and-greater-Syria_Ioana-Feodorov.pdf\" target=\"_blank\" rel=\"noreferrer noopener\">Arabic Books Printed in the 18th Century in Moldavia, Wallachia, and Greater Syria. New Research Outcomes<\/a><\/li>\n\n\n\n<li><strong>Huism, Tan: Himaya:<\/strong> <a href=\"https:\/\/melcominternational.eu\/wp-content\/uploads\/2024\/09\/Himaya-_-QNL-Programme-to-Combat-Trafficking-of-Documentary-Heritage-in-MENA_Huism-Tan.pdf\" data-type=\"link\" data-id=\"https:\/\/melcominternational.eu\/wp-content\/uploads\/2024\/09\/Himaya-_-QNL-Programme-to-Combat-Trafficking-of-Documentary-Heritage-in-MENA_Huism-Tan.pdf\" target=\"_blank\" rel=\"noreferrer noopener\">QNL Programme to Combat Trafficking of Documentary Heritage in MENA<\/a><\/li>\n\n\n\n<li><strong>Kadi\u0107, Fatima:<\/strong> <a href=\"https:\/\/melcominternational.eu\/wp-content\/uploads\/2024\/09\/Turkish-and-Bosnian-Mawlid-Manuscripts_Fatima-Kadic.pdf\" data-type=\"link\" data-id=\"https:\/\/melcominternational.eu\/wp-content\/uploads\/2024\/09\/Turkish-and-Bosnian-Mawlid-Manuscripts_Fatima-Kadic.pdf\" target=\"_blank\" rel=\"noreferrer noopener\">Turkish and Bosnian Mawlid Manuscripts and Printed Copies in Arabic, Latin and Cyrillic Scripts and Their Recitations in Bosnian Mawlid Celebrations<\/a><\/li>\n\n\n\n<li><strong>Kal\u0131n, Cihan:<\/strong> <a href=\"https:\/\/melcominternational.eu\/wp-content\/uploads\/2024\/09\/Arabic-Manuscripts-Digital-Access-at-Istanbul-Universitesi-Rare-Works-Library_Cihan-Kalin.pdf\" data-type=\"link\" data-id=\"https:\/\/melcominternational.eu\/wp-content\/uploads\/2024\/09\/Arabic-Manuscripts-Digital-Access-at-Istanbul-Universitesi-Rare-Works-Library_Cihan-Kalin.pdf\" target=\"_blank\" rel=\"noreferrer noopener\">Qualified Cataloging of Arabic Manuscripts &#8211; Digital Access Project<\/a><\/li>\n\n\n\n<li><strong>Kav\u010di\u0107, Marijana:<\/strong> <a href=\"https:\/\/melcominternational.eu\/wp-content\/uploads\/2024\/09\/History-of-the-Manastir-Kutuphanesi-Library-of-Bitola-in-light-of-records-in-NUL-St.-Clement-of-Ohrid-in-Skopje_Marijana-Kavcic.pdf\" data-type=\"link\" data-id=\"https:\/\/melcominternational.eu\/wp-content\/uploads\/2024\/09\/History-of-the-Manastir-Kutuphanesi-Library-of-Bitola-in-light-of-records-in-NUL-St.-Clement-of-Ohrid-in-Skopje_Marijana-Kavcic.pdf\" target=\"_blank\" rel=\"noreferrer noopener\">History of the Manast\u0131r k\u00fct\u00fcphanesi (Library of Bitola) in light of stamps and records found in the Oriental manuscripts of the NUL \u201cSt. Clement of Ohrid\u201d in Skopje<\/a><\/li>\n\n\n\n<li><strong>Keuken, Mari\u00ebtte and Keizers, Anita<\/strong>: <a href=\"https:\/\/melcominternational.eu\/wp-content\/uploads\/2024\/09\/Middle-Eastern-Library-in-Leiden_Keuken_Keizers.pdf\" data-type=\"link\" data-id=\"https:\/\/melcominternational.eu\/wp-content\/uploads\/2024\/09\/Middle-Eastern-Library-in-Leiden_Keuken_Keizers.pdf\" target=\"_blank\" rel=\"noreferrer noopener\">Middle Eastern Library NINO Library Leiden University Libraries<\/a><\/li>\n\n\n\n<li><strong>L\u00e1szl\u00f3, Jo\u00ebl:<\/strong> <a href=\"https:\/\/melcominternational.eu\/wp-content\/uploads\/2024\/09\/Bibliotheca-Afghanica-at-Basel-University-Library_Joel-Laszlo.pdf\" data-type=\"link\" data-id=\"https:\/\/melcominternational.eu\/wp-content\/uploads\/2024\/09\/Bibliotheca-Afghanica-at-Basel-University-Library_Joel-Laszlo.pdf\" target=\"_blank\" rel=\"noreferrer noopener\">The BibliothecaAfghanicaat Basel University Library<\/a><\/li>\n\n\n\n<li><strong>Lavent, Tine:<\/strong> <a href=\"https:\/\/melcominternational.eu\/wp-content\/uploads\/2024\/09\/So-you-want-to-be-a-Librarian_Tine-Lavent.pdf\" data-type=\"link\" data-id=\"https:\/\/melcominternational.eu\/wp-content\/uploads\/2024\/09\/So-you-want-to-be-a-Librarian_Tine-Lavent.pdf\" target=\"_blank\" rel=\"noreferrer noopener\">So you want to be a Librarian<\/a><\/li>\n\n\n\n<li><strong>Muratgia, Antonella and Bellino, Francesca:<\/strong> <a href=\"https:\/\/melcominternational.eu\/wp-content\/uploads\/2024\/09\/Oriental-Manuscripts-of-the-University-of-Naples-L_Orientale_Muratgia_Bellino.pdf\" data-type=\"link\" data-id=\"https:\/\/melcominternational.eu\/wp-content\/uploads\/2024\/09\/Oriental-Manuscripts-of-the-University-of-Naples-L_Orientale_Muratgia_Bellino.pdf\" target=\"_blank\" rel=\"noreferrer noopener\">The Collection of Oriental Manuscripts at the University of Naples L\u2019Orientale: state of the art and current projects<\/a><\/li>\n\n\n\n<li><strong>P\u00f6kel, Hans-Peter: <\/strong><a href=\"https:\/\/melcominternational.eu\/wp-content\/uploads\/2024\/09\/The-National-Library-of-Baghdad_Peter-Poekel.pdf\" data-type=\"link\" data-id=\"https:\/\/melcominternational.eu\/wp-content\/uploads\/2024\/09\/The-National-Library-of-Baghdad_Peter-Poekel.pdf\" target=\"_blank\" rel=\"noreferrer noopener\">The National Library of Baghdad<\/a><\/li>\n\n\n\n<li><strong>Verkinderen, Peter:<\/strong> <a href=\"https:\/\/melcominternational.eu\/wp-content\/uploads\/2024\/09\/Text-Reuse-and-the-Library-Catalogue_Peter-Verkinderen.pdf\" data-type=\"link\" data-id=\"https:\/\/melcominternational.eu\/wp-content\/uploads\/2024\/09\/Text-Reuse-and-the-Library-Catalogue_Peter-Verkinderen.pdf\" target=\"_blank\" rel=\"noreferrer noopener\">Text Reuse and the Library Catalogue<\/a><\/li>\n\n\n\n<li><strong>Weheba, Iman:<\/strong> <a href=\"https:\/\/melcominternational.eu\/wp-content\/uploads\/2024\/09\/Developing-Qatar-National-Library-Subject-Headings_Iman-Weheba.pdf\" data-type=\"link\" data-id=\"https:\/\/melcominternational.eu\/wp-content\/uploads\/2024\/09\/Developing-Qatar-National-Library-Subject-Headings_Iman-Weheba.pdf\" target=\"_blank\" rel=\"noreferrer noopener\">Developing Qatar National Library Subject Headings (QNLSH)Mechanisms &amp; Challenges<\/a><\/li>\n\n\n\n<li><strong>Weinmann, Mirja: <\/strong><a href=\"https:\/\/melcominternational.eu\/wp-content\/uploads\/2024\/09\/Illustrated-Persian-lithographs_Mirja-Weinmann.pdf\" data-type=\"link\" data-id=\"https:\/\/melcominternational.eu\/wp-content\/uploads\/2024\/09\/Illustrated-Persian-lithographs_Mirja-Weinmann.pdf\" target=\"_blank\" rel=\"noreferrer noopener\">Illustrated Persian Lithographs<\/a><\/li>\n\n\n\n<li><strong>Yastrebova, Olga and Team:<\/strong> <a href=\"https:\/\/melcominternational.eu\/wp-content\/uploads\/2024\/09\/Electronic-Publication-of-the-al-Tantawi-Collection-at-SPbU_Yastrebova-and-team.pdf\" data-type=\"link\" data-id=\"https:\/\/melcominternational.eu\/wp-content\/uploads\/2024\/09\/Electronic-Publication-of-the-al-Tantawi-Collection-at-SPbU_Yastrebova-and-team.pdf\" target=\"_blank\" rel=\"noreferrer noopener\">Electronic Publication of the al-Tantawi Collection at St. Petersburg University<\/a><\/li>\n\n\n\n<li><strong>Zarkar, Rustin:<\/strong> <a href=\"https:\/\/melcominternational.eu\/wp-content\/uploads\/2024\/09\/LoC-Overseas-Office_Rustin-Zarkar.pdf\" data-type=\"link\" data-id=\"https:\/\/melcominternational.eu\/wp-content\/uploads\/2024\/09\/LoC-Overseas-Office_Rustin-Zarkar.pdf\" target=\"_blank\" rel=\"noreferrer noopener\">LoC Overseas Office<\/a><\/li>\n<\/ul>\n\n\n\n<ul style=\"background-color:#efebeb\" class=\"has-background wp-block-list\">\n<li><a href=\"https:\/\/melcominternational.eu\/wp-content\/uploads\/2024\/09\/Dar-al-Mandumah_Presentation.pdf\" data-type=\"link\" data-id=\"https:\/\/melcominternational.eu\/wp-content\/uploads\/2024\/09\/Dar-al-Mandumah_Presentation.pdf\" target=\"_blank\" rel=\"noreferrer noopener\">Dar al-Mandumah<\/a><\/li>\n\n\n\n<li><a href=\"https:\/\/melcominternational.eu\/wp-content\/uploads\/2024\/09\/EastView_Presentation_MELCom2024.pdf\" data-type=\"link\" data-id=\"https:\/\/melcominternational.eu\/wp-content\/uploads\/2024\/09\/EastView_Presentation_MELCom2024.pdf\" target=\"_blank\" rel=\"noreferrer noopener\">EastView<\/a><\/li>\n\n\n\n<li><a href=\"https:\/\/melcominternational.eu\/wp-content\/uploads\/2024\/09\/KEZANA-Presentation_Melcom-International-2024.pdf\" data-type=\"link\" data-id=\"https:\/\/melcominternational.eu\/wp-content\/uploads\/2024\/09\/KEZANA-Presentation_Melcom-International-2024.pdf\" target=\"_blank\" rel=\"noreferrer noopener\">KEZANA<\/a><\/li>\n<\/ul>\n","protected":false},"excerpt":{"rendered":"<p>Papers 2024<\/p>\n","protected":false},"author":1,"featured_media":268,"parent":0,"menu_order":0,"comment_status":"closed","ping_status":"closed","template":"","meta":{"_themeisle_gutenberg_block_has_review":false,"footnotes":""},"class_list":["post-1500","page","type-page","status-publish","has-post-thumbnail","hentry"],"_links":{"self":[{"href":"https:\/\/melcominternational.eu\/index.php\/wp-json\/wp\/v2\/pages\/1500","targetHints":{"allow":["GET"]}}],"collection":[{"href":"https:\/\/melcominternational.eu\/index.php\/wp-json\/wp\/v2\/pages"}],"about":[{"href":"https:\/\/melcominternational.eu\/index.php\/wp-json\/wp\/v2\/types\/page"}],"author":[{"embeddable":true,"href":"https:\/\/melcominternational.eu\/index.php\/wp-json\/wp\/v2\/users\/1"}],"replies":[{"embeddable":true,"href":"https:\/\/melcominternational.eu\/index.php\/wp-json\/wp\/v2\/comments?post=1500"}],"version-history":[{"count":31,"href":"https:\/\/melcominternational.eu\/index.php\/wp-json\/wp\/v2\/pages\/1500\/revisions"}],"predecessor-version":[{"id":1550,"href":"https:\/\/melcominternational.eu\/index.php\/wp-json\/wp\/v2\/pages\/1500\/revisions\/1550"}],"wp:featuredmedia":[{"embeddable":true,"href":"https:\/\/melcominternational.eu\/index.php\/wp-json\/wp\/v2\/media\/268"}],"wp:attachment":[{"href":"https:\/\/melcominternational.eu\/index.php\/wp-json\/wp\/v2\/media?parent=1500"}],"curies":[{"name":"wp","href":"https:\/\/api.w.org\/{rel}","templated":true}]}}