{"id":1382,"date":"2023-11-30T16:48:44","date_gmt":"2023-11-30T16:48:44","guid":{"rendered":"https:\/\/melcominternational.eu\/?page_id=1382"},"modified":"2023-11-30T17:25:50","modified_gmt":"2023-11-30T17:25:50","slug":"papers-2002","status":"publish","type":"page","link":"https:\/\/melcominternational.eu\/index.php\/papers-2002\/","title":{"rendered":"Papers 2002"},"content":{"rendered":"\n<h1 class=\"wp-block-heading has-text-color has-link-color wp-elements-a84405af07926c16b7a909f11977af56\" style=\"color:#009080\">Papers 2002<\/h1>\n\n\n\n<ul class=\"wp-block-list\">\n<li><strong>Amin:<\/strong> <a href=\"https:\/\/melcominternational.eu\/wp-content\/uploads\/2023\/11\/amin.pdf\" data-type=\"attachment\" data-id=\"1370\">Bibliotheca Alexandrina and the Authority File<\/a><\/li>\n\n\n\n<li><strong>Baina, Mounia and Cordereix, Pascal:<\/strong> <a href=\"https:\/\/melcominternational.eu\/wp-content\/uploads\/2023\/11\/BIBLIOTHEQUE-NATIONALE-DE-FRANCE.pdf\" data-type=\"attachment\" data-id=\"1372\">Du Maghreb \u00e0 l&#8217;Asie Central: un si\u00e8cle de documents sonores au D\u00e9partement de l&#8217;Audiovisuel de la Biblioth\u00e8que nationale de France<\/a><\/li>\n\n\n\n<li><strong>Beaudiquez, Marcelle:<\/strong> <a href=\"https:\/\/melcominternational.eu\/wp-content\/uploads\/2023\/11\/ECHANGE-ET-REUTILISATION-DES-FICHIERS-DAUTORITE.pdf\" data-type=\"attachment\" data-id=\"1376\">\u00c9change et r\u00e9utilisation des fichiers d&#8217;autorit\u00e9<\/a><\/li>\n\n\n\n<li><strong>Boddaert, Nadine: <\/strong><a href=\"https:\/\/melcominternational.eu\/wp-content\/uploads\/2023\/11\/MELCOM.pdf\" data-type=\"link\" data-id=\"https:\/\/melcominternational.eu\/wp-content\/uploads\/2023\/11\/MELCOM.pdf\">Anonymous Classics in Arabic Literature<\/a><\/li>\n\n\n\n<li><strong>Descamps-Wassif, Sara: <\/strong><a href=\"https:\/\/melcominternational.eu\/wp-content\/uploads\/2023\/11\/Sara-Descamps-Wassif.pdf\" data-type=\"attachment\" data-id=\"1380\">The A`L\u00c2M Data Base of the Institut du Monde Arabe Library in Paris<\/a><\/li>\n\n\n\n<li><strong>Detienne, Claude:<\/strong> <a href=\"https:\/\/melcominternational.eu\/wp-content\/uploads\/2023\/11\/detienne.pdf\" data-type=\"attachment\" data-id=\"1374\">Autorit\u00e9s auteurs et titres arabes l\u2019exp\u00e9rience de l\u2019Universit\u00e9 catholique de Louvain<\/a><\/li>\n\n\n\n<li><strong>Duclos-Faure, Dani\u00e8le: <\/strong><a href=\"https:\/\/melcominternational.eu\/wp-content\/uploads\/2023\/11\/Cataloguing-documents-in-non-Roman-scripts-in-SUDOC-the-French-university-libr.pdf\" data-type=\"attachment\" data-id=\"1373\">Cataloguing documents in non Roman scripts in SUDOC the French university libraries network<\/a><\/li>\n\n\n\n<li><strong>Keizers, Anita: <\/strong><a href=\"https:\/\/melcominternational.eu\/wp-content\/uploads\/2023\/11\/Melcom-International-24th-International-Conference-Paris-Bibliotheque-nation.pdf\" data-type=\"link\" data-id=\"https:\/\/melcominternational.eu\/wp-content\/uploads\/2023\/11\/Melcom-International-24th-International-Conference-Paris-Bibliotheque-nation.pdf\">Libraries in Egypt and Librarienship as a Career<\/a><\/li>\n\n\n\n<li><strong>Sagaria Rossi, Valentina:<\/strong> <a href=\"https:\/\/melcominternational.eu\/wp-content\/uploads\/2023\/11\/Roma-4-novembre-2000.pdf\" data-type=\"attachment\" data-id=\"1379\">Le go\u00fbt bibliophile de Leone Caetani et l\u2019int\u00e9r\u00eat pour l\u2019Orient de Federico Cesi: deux \u201clincei\u201d en comparaison<\/a><\/li>\n\n\n\n<li><strong>Speirs Plettner, Martha:<\/strong> <a href=\"https:\/\/melcominternational.eu\/wp-content\/uploads\/2023\/11\/Arabic-Name-Authority-in-the-Online-Environment-Options-and-Implications.pdf\" data-type=\"attachment\" data-id=\"1371\">Arabic Name Authority in the Online Environment; Options and Implications<\/a><\/li>\n\n\n\n<li><strong>Ziedan, Youssef:<\/strong> <a href=\"https:\/\/melcominternational.eu\/wp-content\/uploads\/2023\/11\/Speech.pdf\" data-type=\"attachment\" data-id=\"1381\">Heritage and Acquisition in the Bibliotheca Alexandrina<\/a><\/li>\n<\/ul>\n","protected":false},"excerpt":{"rendered":"<p>Papers 2002<\/p>\n","protected":false},"author":1,"featured_media":268,"parent":0,"menu_order":0,"comment_status":"closed","ping_status":"closed","template":"","meta":{"_themeisle_gutenberg_block_has_review":false,"footnotes":""},"class_list":["post-1382","page","type-page","status-publish","has-post-thumbnail","hentry"],"_links":{"self":[{"href":"https:\/\/melcominternational.eu\/index.php\/wp-json\/wp\/v2\/pages\/1382","targetHints":{"allow":["GET"]}}],"collection":[{"href":"https:\/\/melcominternational.eu\/index.php\/wp-json\/wp\/v2\/pages"}],"about":[{"href":"https:\/\/melcominternational.eu\/index.php\/wp-json\/wp\/v2\/types\/page"}],"author":[{"embeddable":true,"href":"https:\/\/melcominternational.eu\/index.php\/wp-json\/wp\/v2\/users\/1"}],"replies":[{"embeddable":true,"href":"https:\/\/melcominternational.eu\/index.php\/wp-json\/wp\/v2\/comments?post=1382"}],"version-history":[{"count":9,"href":"https:\/\/melcominternational.eu\/index.php\/wp-json\/wp\/v2\/pages\/1382\/revisions"}],"predecessor-version":[{"id":1397,"href":"https:\/\/melcominternational.eu\/index.php\/wp-json\/wp\/v2\/pages\/1382\/revisions\/1397"}],"wp:featuredmedia":[{"embeddable":true,"href":"https:\/\/melcominternational.eu\/index.php\/wp-json\/wp\/v2\/media\/268"}],"wp:attachment":[{"href":"https:\/\/melcominternational.eu\/index.php\/wp-json\/wp\/v2\/media?parent=1382"}],"curies":[{"name":"wp","href":"https:\/\/api.w.org\/{rel}","templated":true}]}}