{"id":1218,"date":"2023-08-16T15:14:20","date_gmt":"2023-08-16T15:14:20","guid":{"rendered":"https:\/\/melcominternational.eu\/?page_id=1218"},"modified":"2023-08-23T13:41:11","modified_gmt":"2023-08-23T13:41:11","slug":"early-printed-material-in-arabic-script","status":"publish","type":"page","link":"https:\/\/melcominternational.eu\/index.php\/early-printed-material-in-arabic-script\/","title":{"rendered":"Early printed material in Arabic script"},"content":{"rendered":"\n<h2 class=\"has-text-color wp-block-heading\" style=\"color:#009080\">Early printed material in Arabic script<\/h2>\n\n\n\n<p class=\"has-background\" style=\"background-color:#efebeb\">What follows is a survey of some online collections of printed books and other materials in Arabic script, dating from before 1923. These include mediaeval Egyptian block prints, European editions of 16th &#8211; 19th centuries and materials printed in Muslim countries, 1706 &#8211; 1923. The survey is an updated summary of the presentation given by Geoffrey Roper at the 35th MELCom International Conference in Moscow, May 2013. The full text of the presentation can be found <a rel=\"noreferrer noopener\" href=\"https:\/\/melcominternational.eu\/wp-content\/uploads\/2023\/01\/MELCom-I-website.presentation.pdf\" data-type=\"URL\" data-id=\"https:\/\/melcominternational.eu\/wp-content\/uploads\/2023\/01\/MELCom-I-website.presentation.pdf\" target=\"_blank\">here<\/a>.<\/p>\n\n\n\n<p class=\"has-background\" style=\"background-color:#efebeb\">Additions, corrections and updates are welcome and they should be sent to the following address:<br>melcomintl.secretary@gmail.com<\/p>\n\n\n\n<div id=\"wp-block-themeisle-blocks-accordion-17b66dc6\" class=\"wp-block-themeisle-blocks-accordion exclusive\">\n<details class=\"wp-block-themeisle-blocks-accordion-item\"><summary class=\"wp-block-themeisle-blocks-accordion-item__title\"><div>International<\/div><\/summary><div class=\"wp-block-themeisle-blocks-accordion-item__content\">\n<p class=\"has-background\" style=\"background-color:#efebeb\"><strong><a rel=\"noreferrer noopener\" href=\"https:\/\/www.loc.gov\/collections\/world-digital-library\/about-this-collection\/\" target=\"_blank\">World Digital Library<\/a><\/strong> (UNESCO) Contributed by a wide range of national and academic libraries across 6 continents, these images are mostly of manuscripts, documents, maps photographs and modern books in various languages. But there are a few early Arabic script printed books among them, notably from libraries in Kazakhstan, Pakistan, Qatar, Iraq and Iran (including the very first Persian book printed there).<\/p>\n\n\n\n<p class=\"has-background\" style=\"background-color:#efebeb\"><strong><a rel=\"noreferrer noopener\" href=\"https:\/\/www.theeuropeanlibrary.org\/\" target=\"_blank\">The European Library<\/a><\/strong> This is a portal to the collections of European National and academic libraries, both their catalogue records and their digital collections. These do include a number of Arabic script items. As we might expect, a high proportion of these are European publications. But some books published in Muslim countries are included.<\/p>\n<\/div><\/details>\n\n\n\n<details class=\"wp-block-themeisle-blocks-accordion-item\"><summary class=\"wp-block-themeisle-blocks-accordion-item__title\"><div>Algeria<\/div><\/summary><div class=\"wp-block-themeisle-blocks-accordion-item__content\">\n<p class=\"has-background\" style=\"background-color:#efebeb\"><strong><a rel=\"noreferrer noopener\" href=\"http:\/\/biblio.univ-alger.dz\/jspui\/handle\/1635\/2\" target=\"_blank\">Biblioth\u00e8que Virtuelle de l&#8217;Universit\u00e9 d&#8217;Alger <\/a><\/strong>The University of Algiers Library has digitised a large number of books of the 19th century and earlier, as part of its Jazairiates database. The great majority of these are in French or other European languages, but a few do contain Arabic texts.<\/p>\n<\/div><\/details>\n\n\n\n<details class=\"wp-block-themeisle-blocks-accordion-item\"><summary class=\"wp-block-themeisle-blocks-accordion-item__title\"><div>Austria<\/div><\/summary><div class=\"wp-block-themeisle-blocks-accordion-item__content\">\n<p class=\"has-background\" style=\"background-color:#efebeb\"><strong><a rel=\"noreferrer noopener\" href=\"https:\/\/www.onb.ac.at\/\" target=\"_blank\">\u00d6sterreichische Nationalbibliothek (\u00d6NB)<\/a><\/strong> The Austrian National Library in Vienna has a very good collection of digital materials, which can be accessed via their OPAC. These include early and rare books in the Arabic script. They are particularly strong on Ottoman imprints, as well as rare books from the Habsburg empire, including some in Arabic script. But the most important collection is probably the papyrus collection (Papyrussammlung). Many of its documents are on paper, not papyrus, and they include more than 20 mediaeval Arabic printed items. All of them have been digitised and put online, and they provide a first-rate means for scholars worldwide to study and assess them.<\/p>\n<\/div><\/details>\n\n\n\n<details class=\"wp-block-themeisle-blocks-accordion-item\"><summary class=\"wp-block-themeisle-blocks-accordion-item__title\"><div>Denmark<\/div><\/summary><div class=\"wp-block-themeisle-blocks-accordion-item__content\">\n<p class=\"has-background\" style=\"background-color:#efebeb\"><strong><a href=\"https:\/\/www.kb.dk\/en\/find-materials\" data-type=\"URL\" data-id=\"https:\/\/www.kb.dk\/en\/find-materials\" target=\"_blank\" rel=\"noreferrer noopener\">Det Kongelige Bibliotek<\/a><\/strong> Another national library that has been digitally active in our field is the Royal Library in Denmark. Although most of the images are of manuscripts, there is a handful of early Middle Eastern printed books.<\/p>\n<\/div><\/details>\n\n\n\n<details class=\"wp-block-themeisle-blocks-accordion-item\"><summary class=\"wp-block-themeisle-blocks-accordion-item__title\"><div>Egypt<\/div><\/summary><div class=\"wp-block-themeisle-blocks-accordion-item__content\">\n<p class=\"has-background\" style=\"background-color:#efebeb\"><strong><a rel=\"noreferrer noopener\" href=\"http:\/\/dar.bibalex.org\/webpages\/dar.jsf\" target=\"_blank\">Bibliotheca Alexandrina: Digital Assets Repository<\/a><\/strong> This consists mainly of Arabic printed books. Some of the are early ones, of which the Alexandria Library has a significant collection.<\/p>\n<\/div><\/details>\n\n\n\n<details class=\"wp-block-themeisle-blocks-accordion-item\"><summary class=\"wp-block-themeisle-blocks-accordion-item__title\"><div>France<\/div><\/summary><div class=\"wp-block-themeisle-blocks-accordion-item__content\">\n<p class=\"has-background\" style=\"background-color:#efebeb\"><strong><a rel=\"noreferrer noopener\" href=\"http:\/\/www.e-corpus.org\/\" target=\"_blank\">E-Corpus<\/a><\/strong> This was another joint venture, based in France, but incorporating some holdings of other libraries in the Mediterranean area, which is its focus. Its digital content consists mainly of manuscripts, pictorial images and European-language texts, but there are some Arabic printed items.<\/p>\n\n\n\n<p class=\"has-background\" style=\"background-color:#efebeb\"><strong><a rel=\"noreferrer noopener\" href=\"https:\/\/gallica.bnf.fr\/accueil\/en\/content\/accueil-en?mode=desktop\" target=\"_blank\">Gallica<\/a><\/strong> This is the main French digital library, hosted by the Biblioth\u00e8que nationale de France. It boasts a very large number of digitised texts and images. The main emphasis is naturally on French materials, but there are some printed Arabic texts, including those from the press of Napol\u00e9on in Egypt, as well as later Egyptian, French and other presses.<\/p>\n<\/div><\/details>\n\n\n\n<details class=\"wp-block-themeisle-blocks-accordion-item\"><summary class=\"wp-block-themeisle-blocks-accordion-item__title\"><div>Germany<\/div><\/summary><div class=\"wp-block-themeisle-blocks-accordion-item__content\">\n<p class=\"has-background\" style=\"background-color:#efebeb\"><a rel=\"noreferrer noopener\" href=\"https:\/\/www.bsb-muenchen.de\/sammlungen\/orient\/\" target=\"_blank\"><strong>Bayerische Staatsbibliothek (BSB)<\/strong><\/a> One of the best and most important digital collections is offered by the Bavarian State Library in Munich. It includes more than 100 printed books using Arabic characters, which are freely available online. Most of them are of the 19th century or earlier, and are from the rich collection of European scholars such as the French orientalist Etienne Quatrem\u00e8re.<\/p>\n\n\n\n<p class=\"has-background\" style=\"background-color:#efebeb\"><a rel=\"noreferrer noopener\" href=\"https:\/\/menadoc.bibliothek.uni-halle.de\/ssg\" target=\"_blank\"><strong>Universit\u00e4t Halle-Wittenberg: Universit\u00e4ts- und Landesbibliothek (ULB): Sondersammelgebiet Vorderer Orient<\/strong> <\/a>The digitisation project was initiated here by Lutz Wiederhold. Still ongoing, it is already a most valuable resource with more than 20.000 titles available. They started with the holdings of the Deutsche Morgenl\u00e4ndische Gesellschaft in Halle, which includes much 19th century material, both European publications and Middle Eastern ones. The important Turkish research library of Jacob Landau, which contains many Ottoman publications has been digitised as well.<\/p>\n\n\n\n<p class=\"has-background\" style=\"background-color:#efebeb\"><strong><a rel=\"noreferrer noopener\" href=\"https:\/\/digitale-sammlungen.ulb.uni-bonn.de\/topic\/view\/16431\" target=\"_blank\">Universit\u00e4ts- und Landesbibliothek Bonn: Bibliothek Goussen<\/a><\/strong> This is a specialised collection of Oriental Christian texts, including 226 in Arabic. It comprises both European and Middle Eastern editions, most of them are fully digitised and available online. This is a valuable resource in view of the important role played by Christian Arabic books, produced both by missionaries and by Arab Christians, in the early development of Arabic printing.<\/p>\n<\/div><\/details>\n\n\n\n<details class=\"wp-block-themeisle-blocks-accordion-item\"><summary class=\"wp-block-themeisle-blocks-accordion-item__title\"><div>Kazakhstan<\/div><\/summary><div class=\"wp-block-themeisle-blocks-accordion-item__content\">\n<p class=\"has-background\" style=\"background-color:#efebeb\"><strong><a rel=\"noreferrer noopener\" href=\"https:\/\/www.nlrk.kz\/index.php?option=com_content&amp;view=featured&amp;Itemid=101&amp;lang=en\" target=\"_blank\">The National Library of Kazakhstan<\/a><\/strong> provides low-resolution images of 12 Kazakh books in Arabic script, published between 1897 and 1926. Some additional ones are provided through the World Digital Library (see above).<br>Users can choose between Kazakh, Russian and English interfaces.<\/p>\n<\/div><\/details>\n\n\n\n<details class=\"wp-block-themeisle-blocks-accordion-item\"><summary class=\"wp-block-themeisle-blocks-accordion-item__title\"><div>Morocco<\/div><\/summary><div class=\"wp-block-themeisle-blocks-accordion-item__content\">\n<p class=\"has-background\" style=\"background-color:#efebeb\"><strong><a rel=\"noreferrer noopener\" href=\"http:\/\/www.bnrm.ma\/bnrm\/\" data-type=\"URL\" data-id=\"http:\/\/www.bnrm.ma\/bnrm\/\" target=\"_blank\">Biblioth\u00e8que Nationale du Royaume du Maroc<\/a> (BNRM)<\/strong>The Moroccan Digital Library, created by the Biblioth\u00e8que Nationale du Royaume du Maroc (BNRM), has a special section devoted to lithographed books, containing digital images of over 30 of them. Almost all printing in Morocco was lithographic until well into the 20th century, so these are of particular historic importance. Users can choose between Arabic and French interfaces.<\/p>\n<\/div><\/details>\n\n\n\n<details class=\"wp-block-themeisle-blocks-accordion-item\"><summary class=\"wp-block-themeisle-blocks-accordion-item__title\"><div>Netherland<\/div><\/summary><div class=\"wp-block-themeisle-blocks-accordion-item__content\">\n<p class=\"has-background\" style=\"background-color:#efebeb\"><strong><a rel=\"noreferrer noopener\" href=\"https:\/\/socrates.leidenuniv.nl\/\" target=\"_blank\">Universiteit Leiden Bibliotheeken<\/a><\/strong> Leiden University Library in the Netherlands has put some of its early Arabic printed books online, as part of its Digital Special Collections. These include items from the collections of celebrated Dutch Orientalists, such as Snouck Hurgronje.<\/p>\n<\/div><\/details>\n\n\n\n<details class=\"wp-block-themeisle-blocks-accordion-item\"><summary class=\"wp-block-themeisle-blocks-accordion-item__title\"><div>Spain<\/div><\/summary><div class=\"wp-block-themeisle-blocks-accordion-item__content\">\n<p class=\"has-background\" style=\"background-color:#efebeb\"><strong><a rel=\"noreferrer noopener\" href=\"https:\/\/bibliotecadigital.aecid.es\/bibliodig\/es\/inicio\/inicio.do\" target=\"_blank\">Biblioteca Digital AECID<\/a><\/strong> The library situated in Madrid offers a collection of 2000 digitised books .<\/p>\n\n\n\n<p class=\"has-background\" style=\"background-color:#efebeb\"><strong><a href=\"https:\/\/www.bne.es\/en\">Biblioteca National de Espa\u00f1a (BNE) <\/a><\/strong>The national library of Spain offers a Biblioteca Digital Hisp\u00e1nica where we can find many interesting items, including rare examples of Arabic typography in 18th-century Spain.<\/p>\n<\/div><\/details>\n\n\n\n<details class=\"wp-block-themeisle-blocks-accordion-item\"><summary class=\"wp-block-themeisle-blocks-accordion-item__title\"><div>Turkey<\/div><\/summary><div class=\"wp-block-themeisle-blocks-accordion-item__content\">\n<p class=\"has-background\" style=\"background-color:#efebeb\"><strong><a rel=\"noreferrer noopener\" href=\"https:\/\/www.tbmm.gov.tr\/kutuphane\/\" target=\"_blank\">T\u00fcrkiye B\u00fcy\u00fck Millet Meclisi: K\u00fct\u00fcphane ve Dok\u00fcmantasyon M\u00fcd\u00fcrl\u00fcg\u00fc<\/a><\/strong> The Library &amp; Documentation Directorate of the Turkish Grand National Assembly provides this database of what they call \u201cE-sources\u201d (E-Kaynaklar), which includes a wide range of Ottoman Turkish printed books. These have to be selected from a long list of romanised titles, which is not in alphabetical order.<\/p>\n\n\n\n<p class=\"has-background\" style=\"background-color:#efebeb\"><strong><a rel=\"noreferrer noopener\" href=\"http:\/\/www.isam.org.tr\/\" target=\"_blank\">\u0130SAM &#8211; \u0130slam Ara\u015ft\u0131rmalar\u0131 Merkezi <\/a><\/strong>The Islamic Studies Centre in \u00dcsk\u00fcdar offers three significant online collections of Ottoman printed materials in facsimile images. The facsimiles are provided as PDF files.<\/p>\n\n\n\n<p class=\"has-background\" style=\"background-color:#efebeb\">1) Saln\u00e2meler: the official yearbooks which are very important sources of statistical and other information on all the Ottoman provinces. Over 520 are available here.<br>2) Osmanl\u0131ca Risaleler: over 2400 pamphlets or \u201ctreatises\u201d in Ottoman Turkish, mainly on political, religious and educational subjects.<br>3) Osmanl\u0131ca Makaleler: articles from 20 Ottoman Turkish periodicals.<\/p>\n\n\n\n<p class=\"has-background\" style=\"background-color:#efebeb\"><strong><a rel=\"noreferrer noopener\" href=\"https:\/\/dijital-kutuphane.mkutup.gov.tr\/en\" target=\"_blank\">Milli K\u00fct\u00fcphane: S\u00fcreli Yay\u0131nlar Bilgi Sistemi <\/a><\/strong>This database of Ottoman newspapers and periodicals is maintained by the Turkish National Library in Ankara. It contains full-text images of a wide range of serials from 1840 (Ceride-i Havadis) to 1928.<\/p>\n\n\n\n<p class=\"has-background\" style=\"background-color:#efebeb\"><strong><a rel=\"noreferrer noopener\" href=\"https:\/\/ataturkkitapligi.ibb.gov.tr\/tr\/Anasayfa\" target=\"_blank\">Atat\u00fcrk Kitapl\u0131\u011f\u0131 <\/a><\/strong>This important historical research library of the Greater Istanbul Municipality holds about 40.000 books in Ottoman Turkish, Arabic and Persian, all of which have now been digitised and made available online.<\/p>\n<\/div><\/details>\n\n\n\n<details class=\"wp-block-themeisle-blocks-accordion-item\"><summary class=\"wp-block-themeisle-blocks-accordion-item__title\"><div>United Kingdom<\/div><\/summary><div class=\"wp-block-themeisle-blocks-accordion-item__content\">\n<p class=\"has-background\" style=\"background-color:#efebeb\"><strong><a rel=\"noreferrer noopener\" href=\"https:\/\/solo.bodleian.ox.ac.uk\/primo-explore\/search?vid=SOLO&amp;lang=en_US&amp;sortby=rank\" target=\"_blank\">Bodleian Libraries University of Oxford<\/a><\/strong> This major academic library has undertaken an extensive digitisation project, which includes many early Arabic-script books, from both Europe and the Muslim lands. The images are also available via the European Library (see above).<\/p>\n<\/div><\/details>\n\n\n\n<details class=\"wp-block-themeisle-blocks-accordion-item\"><summary class=\"wp-block-themeisle-blocks-accordion-item__title\"><div>United States of America<\/div><\/summary><div class=\"wp-block-themeisle-blocks-accordion-item__content\">\n<p class=\"has-background\" style=\"background-color:#efebeb\"><strong><a rel=\"noreferrer noopener\" href=\"https:\/\/afghanistandl.nyu.edu\/index.html\" target=\"_blank\">Afghanistan Digital Library<\/a><\/strong> This digital corpus was initiated at New York University Libraries, partly in response to the serious losses sustained by libraries and private collections caused by the many years of conflict in Afghanistan, which has threatened the total destruction of the Afghan textual heritage. The aim is to reconstitute digitally as much as possible of what was published there in the first 30 years of Afghan printing, 1870-1930. This has been done from copies surviving in America, Britain and in Afghanistan itself. Significant holdings in other countries, notably Russia, have not so far been included.<\/p>\n\n\n\n<p class=\"has-background\" style=\"background-color:#efebeb\"><strong><a rel=\"noreferrer noopener\" href=\"https:\/\/archive.org\/details\/dulturk\" target=\"_blank\">Duke University Library <\/a><\/strong>This American academ\u0131c l\u0131brary is another source of digitised Ottoman texts. They have a collection of about 200 books, which they have made available via the Internet Archive platform (see above). These include not only classical literature but also works of popular fiction.<\/p>\n\n\n\n<p class=\"has-background\" style=\"background-color:#efebeb\"><strong><a rel=\"noreferrer noopener\" href=\"https:\/\/library.harvard.edu\/collections\/islamic-heritage-project\" target=\"_blank\">Harvard University: Islamic Heritage Project<\/a><\/strong> This has so far digitised not only important manuscripts, as elsewhere, but also, unlike elsewhere, a nearly equal number of printed texts (over 275). These date almost entirely from before 1923, and cover a wide range of subjects, languages and places of publication.<\/p>\n\n\n\n<p class=\"has-background\" style=\"background-color:#efebeb\"><strong><a rel=\"noreferrer noopener\" href=\"https:\/\/www.hathitrust.org\/\" target=\"_blank\">The Hathi Trust<\/a><\/strong> This offers a large multilateral digital collection, based in North America. It provides images of the contents of many academic libraries. \u201cHathi\u201d is the Urdu word for \u201celephant\u201d, chosen because elephants are supposed to have large memories. Some of these libraries contain early Arabic-script books, which can be accessed through this portal.<\/p>\n\n\n\n<p class=\"has-background\" style=\"background-color:#efebeb\"><strong><a rel=\"noreferrer noopener\" href=\"https:\/\/hmml.org\/\" target=\"_blank\">Hill Museum &amp; Manuscript Library: Saint John&#8217;s University<\/a><\/strong> Another collection of digitised Christian books is maintained at this American university, and made available through their Vivarium database. Most of them are manuscripts, but there are some printed Arabic editions, mainly European.<\/p>\n\n\n\n<p class=\"has-background\" style=\"background-color:#efebeb\"><strong><a rel=\"noreferrer noopener\" href=\"https:\/\/archive.org\/details\/texts\" target=\"_blank\">Internet Archive<\/a><\/strong> This is another multilateral portal which gives access to images of a wide range of printed books in US and Canadian libraries. A significant number of these are early Arabic-script items, but it has not been possible to quantify them without extensive research in the database.<\/p>\n\n\n\n<p class=\"has-background\" style=\"background-color:#efebeb\"><strong><a rel=\"noreferrer noopener\" href=\"https:\/\/collections.lacma.org\/search\/site\/amulet%2520paper?f%5b0%5d=bm_field_has_image%3Atrue&amp;retain-filters=1\" target=\"_blank\">Los Angeles County Museum of Art <\/a><\/strong>Images of two Arabic block-prints, in the Madina collection, are available here.<\/p>\n\n\n\n<p class=\"has-background\" style=\"background-color:#efebeb\"><strong><a rel=\"noreferrer noopener\" href=\"https:\/\/www.metmuseum.org\/art\/the-collection\" target=\"_blank\">Metropolitan Museum of Art New York<\/a><\/strong> A few Arabic block-prints can be found among the online images here.<\/p>\n\n\n\n<p class=\"has-background\" style=\"background-color:#efebeb\"><strong><a rel=\"noreferrer noopener\" href=\"https:\/\/collections.lib.utah.edu\/\" target=\"_blank\">University of Utah: Marriott Digital Library<\/a><\/strong> This American university has included some interesting items in its digitisation programme, including a number of Ottoman imprints. But the most important images are probably those of their small collection of medi\u00e6val Arabic block-prints.<br>Unfortunately the site is difficult to navigate. The page entitled \u201cMiddle East Collections\u201d offers only 9 items: to find the many others, including the block-prints, it is necessary to \u201cSearch the Digital Library\u201d from the opening page.<\/p>\n\n\n\n<p class=\"has-background\" style=\"background-color:#efebeb\"><strong><a rel=\"noreferrer noopener\" href=\"https:\/\/collections.library.yale.edu\/\" target=\"_blank\">Yale University Library: Cushing\/Whitney Medical Library<\/a><\/strong> The early Arabic and Persian medical books in this collection have been digitised and put online. However, most of them are Latin translations, and only about 30 contain Arabic or Persian texts.<\/p>\n<\/div><\/details>\n<\/div>\n\n\n\n<p><br><\/p>\n\n\n\n<p><br><br><br><\/p>\n\n\n\n<p><br><\/p>\n","protected":false},"excerpt":{"rendered":"<p>Early printed material in Arabic script What follows is a survey of some online collections of printed books and other materials in Arabic script, dating from before 1923. These include mediaeval Egyptian block prints, European editions of 16th &#8211; 19th centuries and materials printed in Muslim countries, 1706 &#8211; 1923. The survey is an updated &hellip; <\/p>\n<p class=\"link-more\"><a href=\"https:\/\/melcominternational.eu\/index.php\/early-printed-material-in-arabic-script\/\" class=\"more-link\">Continue reading<span class=\"screen-reader-text\"> &#8220;Early printed material in Arabic script&#8221;<\/span><\/a><\/p>\n","protected":false},"author":1,"featured_media":268,"parent":0,"menu_order":0,"comment_status":"closed","ping_status":"closed","template":"","meta":{"_themeisle_gutenberg_block_has_review":false,"footnotes":""},"class_list":["post-1218","page","type-page","status-publish","has-post-thumbnail","hentry"],"_links":{"self":[{"href":"https:\/\/melcominternational.eu\/index.php\/wp-json\/wp\/v2\/pages\/1218","targetHints":{"allow":["GET"]}}],"collection":[{"href":"https:\/\/melcominternational.eu\/index.php\/wp-json\/wp\/v2\/pages"}],"about":[{"href":"https:\/\/melcominternational.eu\/index.php\/wp-json\/wp\/v2\/types\/page"}],"author":[{"embeddable":true,"href":"https:\/\/melcominternational.eu\/index.php\/wp-json\/wp\/v2\/users\/1"}],"replies":[{"embeddable":true,"href":"https:\/\/melcominternational.eu\/index.php\/wp-json\/wp\/v2\/comments?post=1218"}],"version-history":[{"count":25,"href":"https:\/\/melcominternational.eu\/index.php\/wp-json\/wp\/v2\/pages\/1218\/revisions"}],"predecessor-version":[{"id":1324,"href":"https:\/\/melcominternational.eu\/index.php\/wp-json\/wp\/v2\/pages\/1218\/revisions\/1324"}],"wp:featuredmedia":[{"embeddable":true,"href":"https:\/\/melcominternational.eu\/index.php\/wp-json\/wp\/v2\/media\/268"}],"wp:attachment":[{"href":"https:\/\/melcominternational.eu\/index.php\/wp-json\/wp\/v2\/media?parent=1218"}],"curies":[{"name":"wp","href":"https:\/\/api.w.org\/{rel}","templated":true}]}}