{"id":1195,"date":"2023-08-10T09:10:04","date_gmt":"2023-08-10T09:10:04","guid":{"rendered":"https:\/\/melcominternational.eu\/?page_id=1195"},"modified":"2023-08-28T14:14:49","modified_gmt":"2023-08-28T14:14:49","slug":"papers-and-abstracts-2023","status":"publish","type":"page","link":"https:\/\/melcominternational.eu\/index.php\/papers-and-abstracts-2023\/","title":{"rendered":"Papers and Abstracts 2023"},"content":{"rendered":"\n<div id=\"wp-block-themeisle-blocks-advanced-columns-58abe727\" class=\"wp-block-themeisle-blocks-advanced-columns has-1-columns has-desktop-equal-layout has-tablet-equal-layout has-mobile-equal-layout has-vertical-unset\"><div class=\"wp-block-themeisle-blocks-advanced-columns-overlay\"><\/div><div class=\"innerblocks-wrap\">\n<div id=\"wp-block-themeisle-blocks-advanced-column-19f5bca2\" class=\"wp-block-themeisle-blocks-advanced-column\">\n<h2 class=\"has-text-color has-large-font-size wp-block-heading\" style=\"color:#009080\">Papers and Abstracts 2023<\/h2>\n\n\n\n<figure class=\"wp-block-image size-large\"><img loading=\"lazy\" decoding=\"async\" width=\"1024\" height=\"683\" src=\"https:\/\/melcominternational.eu\/wp-content\/uploads\/2023\/08\/3P3A1965-1024x683.jpg\" alt=\"\" class=\"wp-image-1208\" srcset=\"https:\/\/melcominternational.eu\/wp-content\/uploads\/2023\/08\/3P3A1965-1024x683.jpg 1024w, https:\/\/melcominternational.eu\/wp-content\/uploads\/2023\/08\/3P3A1965-300x200.jpg 300w, https:\/\/melcominternational.eu\/wp-content\/uploads\/2023\/08\/3P3A1965-768x512.jpg 768w, https:\/\/melcominternational.eu\/wp-content\/uploads\/2023\/08\/3P3A1965-1536x1024.jpg 1536w, https:\/\/melcominternational.eu\/wp-content\/uploads\/2023\/08\/3P3A1965-2048x1365.jpg 2048w\" sizes=\"auto, (max-width: 767px) 89vw, (max-width: 1000px) 54vw, (max-width: 1071px) 543px, 580px\" \/><\/figure>\n\n\n\n<p><\/p>\n\n\n\n<p><\/p>\n\n\n\n<p class=\"has-medium-font-size\"><a rel=\"noreferrer noopener\" href=\"https:\/\/melcominternational.eu\/wp-content\/uploads\/2023\/08\/MI_2023_Abstracts.docx\" data-type=\"attachment\" data-id=\"1189\" target=\"_blank\">Abstracts<\/a><\/p>\n\n\n\n<p class=\"has-text-color has-medium-font-size\" style=\"color:#009080\">Papers<\/p>\n\n\n\n<ul class=\"has-background wp-block-list\" style=\"background-color:#efebeb\"><li><strong>Adam, Volker:<\/strong> <a rel=\"noreferrer noopener\" href=\"https:\/\/melcominternational.eu\/wp-content\/uploads\/2023\/08\/Volker-Adam.pdf\" data-type=\"URL\" data-id=\"https:\/\/melcominternational.eu\/wp-content\/uploads\/2023\/08\/Volker-Adam.pdf\" target=\"_blank\">How to access? \u2013 Implementing different mechanisms of access in MENA-related repositories<\/a><\/li><li><strong>Aljawad, Ammar:<\/strong> <a rel=\"noreferrer noopener\" href=\"https:\/\/melcominternational.eu\/wp-content\/uploads\/2023\/08\/Ammar-Aljawad.pdf\" data-type=\"URL\" data-id=\"https:\/\/melcominternational.eu\/wp-content\/uploads\/2023\/08\/Ammar-Aljawad.pdf\" target=\"_blank\">In the Wake of the Disaster Project of Iraqi Scientific Assets Preservation<\/a><\/li><li><strong>Bay\u0131r, Didar:<\/strong> <a href=\"https:\/\/melcominternational.eu\/wp-content\/uploads\/2023\/08\/Didar_Bayir.pdf\" data-type=\"URL\" data-id=\"https:\/\/melcominternational.eu\/wp-content\/uploads\/2023\/08\/Didar_Bayir.pdf\" target=\"_blank\" rel=\"noreferrer noopener\">IRCICA Library and Archive Department: Its Collections and Projects<\/a><\/li><li><strong>Benyahia, Fettouma:<\/strong> <a rel=\"noreferrer noopener\" href=\"https:\/\/melcominternational.eu\/wp-content\/uploads\/2023\/08\/Melcom-presentation-ppt-Fetouma-1-1.pdf\" data-type=\"URL\" data-id=\"https:\/\/melcominternational.eu\/wp-content\/uploads\/2023\/08\/Melcom-presentation-ppt-Fetouma-1-1.pdf\" target=\"_blank\">La gestion des manuscrits \u00e0 la biblioth\u00e8que nationale d&#8217;Alg\u00e9rie<\/a><\/li><li><strong>El-Sherbiny, Magda:<\/strong> <a rel=\"noreferrer noopener\" href=\"https:\/\/melcominternational.eu\/wp-content\/uploads\/2023\/08\/Magda-El-Sherbini.pdf\" data-type=\"URL\" data-id=\"https:\/\/melcominternational.eu\/wp-content\/uploads\/2023\/08\/Magda-El-Sherbini.pdf\" target=\"_blank\">Internationalize the Ohio State University Library Catalog: Multi-script Subject Headings<\/a><\/li><li><strong>Erg\u00fcl, Mustafa:<\/strong> <a rel=\"noreferrer noopener\" href=\"https:\/\/melcominternational.eu\/wp-content\/uploads\/2023\/08\/Mustafa-Ergul.pdf\" data-type=\"URL\" data-id=\"https:\/\/melcominternational.eu\/wp-content\/uploads\/2023\/08\/Mustafa-Ergul.pdf\" target=\"_blank\">Nigizberk and Powell: Documenting The Middle East, Two Collections at Ko\u00e7 University Suna K\u0131ra\u00e7 Library<\/a><\/li><li><strong>Faghihi, Yasmin:<\/strong> <a rel=\"noreferrer noopener\" href=\"https:\/\/melcominternational.eu\/wp-content\/uploads\/2023\/08\/Yasmin-Faghihi.pdf\" data-type=\"URL\" data-id=\"https:\/\/melcominternational.eu\/wp-content\/uploads\/2023\/08\/Yasmin-Faghihi.pdf\" target=\"_blank\">Nomen est omen: Authority control, manuscript description and Digital Humanities<\/a><\/li><li><strong>Farooq, Waseem:<\/strong> <a rel=\"noreferrer noopener\" href=\"https:\/\/melcominternational.eu\/wp-content\/uploads\/2023\/08\/Waseem-Farooq.pdf\" data-type=\"URL\" data-id=\"https:\/\/melcominternational.eu\/wp-content\/uploads\/2023\/08\/Waseem-Farooq.pdf\" target=\"_blank\">The Ottoman and Turkish language collections at the Aga Khan Library<\/a><\/li><li><strong>Habibulla, Akram:<\/strong> <a rel=\"noreferrer noopener\" href=\"https:\/\/melcominternational.eu\/wp-content\/uploads\/2023\/08\/Akram-Habibulla.pdf\" data-type=\"URL\" data-id=\"https:\/\/melcominternational.eu\/wp-content\/uploads\/2023\/08\/Akram-Habibulla.pdf\" target=\"_blank\">On the History of Madrasa Khalfa and Its Library<\/a><\/li><li><strong>Hoffmann-Ruf, Michaela: <\/strong><a rel=\"noreferrer noopener\" href=\"https:\/\/melcominternational.eu\/wp-content\/uploads\/2023\/08\/Becker_Hoffmann-Ruf.pdf\" data-type=\"URL\" data-id=\"https:\/\/melcominternational.eu\/wp-content\/uploads\/2023\/08\/Becker_Hoffmann-Ruf.pdf\" target=\"_blank\">More manuscripts from differentsSources and new technical Approaches: the second phase of the Qalamos project (2023-26)<\/a><\/li><li><strong>Hughes, Heather:<\/strong> <a rel=\"noreferrer noopener\" href=\"https:\/\/melcominternational.eu\/wp-content\/uploads\/2023\/08\/Heather-Hughes.pdf\" data-type=\"URL\" data-id=\"https:\/\/melcominternational.eu\/wp-content\/uploads\/2023\/08\/Heather-Hughes.pdf\" target=\"_blank\">Kurdish Collecting at Penn<\/a><\/li><li><strong>Javanshir, Lale:<\/strong> <a rel=\"noreferrer noopener\" href=\"https:\/\/melcominternational.eu\/wp-content\/uploads\/2023\/08\/Lale-Javanshir.pdf\" data-type=\"URL\" data-id=\"https:\/\/melcominternational.eu\/wp-content\/uploads\/2023\/08\/Lale-Javanshir.pdf\" target=\"_blank\">Traces of the Turkic Culture in Canada: Eleazar Birnbaum&#8217;s Collection of Ottoman Turkish and \u00c7a\u011datay Manuscripts at Fisher Rare Books Library<\/a><\/li><li><strong>Kadic, Fatima:<\/strong> <a rel=\"noreferrer noopener\" href=\"https:\/\/melcominternational.eu\/wp-content\/uploads\/2023\/08\/Fatima-Kadic.pdf\" data-type=\"URL\" data-id=\"https:\/\/melcominternational.eu\/wp-content\/uploads\/2023\/08\/Fatima-Kadic.pdf\" target=\"_blank\">The Islamic Shareholding Press&#8217; (1905-1948) Output in the Bosnian Language Texts in Arabic script and its Impact on the Bosnian Muslims&#8217; Cultural Renaissance<\/a><\/li><li><strong>Kuntz, Blair:<\/strong> <a rel=\"noreferrer noopener\" href=\"https:\/\/melcominternational.eu\/wp-content\/uploads\/2023\/08\/Blair-Kuntz.pdf\" data-type=\"URL\" data-id=\"https:\/\/melcominternational.eu\/wp-content\/uploads\/2023\/08\/Blair-Kuntz.pdf\" target=\"_blank\">The Gift of diversity: Recent Middle Eastern collection donations to the University of Toronto Libraries<\/a><\/li><li><strong>Ouerfelli, Tarek:<\/strong> <a rel=\"noreferrer noopener\" href=\"https:\/\/melcominternational.eu\/wp-content\/uploads\/2023\/08\/Tarek-Ouerfelli.pdf\" data-type=\"URL\" data-id=\"https:\/\/melcominternational.eu\/wp-content\/uploads\/2023\/08\/Tarek-Ouerfelli.pdf\" target=\"_blank\">Le mus\u00e9e virtuel du patrimoine \u00e9crit : enjeux de valorisation des oeuvres et manuscrits tunisiens \u00e0 l\u2019\u00e8re num\u00e9rique<\/a><\/li><li><strong>P\u00f6kel, Hans-Peter:<\/strong> <a rel=\"noreferrer noopener\" href=\"https:\/\/melcominternational.eu\/wp-content\/uploads\/2023\/08\/Hans-Peter-Poeckel.pdf\" data-type=\"URL\" data-id=\"https:\/\/melcominternational.eu\/wp-content\/uploads\/2023\/08\/Hans-Peter-Poeckel.pdf\" target=\"_blank\">The National Library of Lebanon: History, Function and Perspectives<\/a><\/li><li><strong>Rauch, Christoph:<\/strong> <a rel=\"noreferrer noopener\" href=\"https:\/\/melcominternational.eu\/wp-content\/uploads\/2023\/08\/Christoph-Rauch.pdf\" data-type=\"URL\" data-id=\"https:\/\/melcominternational.eu\/wp-content\/uploads\/2023\/08\/Christoph-Rauch.pdf\" target=\"_blank\">Wetzstein&#8217;s Arab storytellers and Sachau&#8217;s Syrian copyists: news from manuscript digitisation at the Staatsbibliothek zu Berlin<\/a><\/li><li><strong>Rokni, Noshad:<\/strong> <a rel=\"noreferrer noopener\" href=\"https:\/\/melcominternational.eu\/wp-content\/uploads\/2023\/08\/Noshad-Rokni.pdf\" data-type=\"URL\" data-id=\"https:\/\/melcominternational.eu\/wp-content\/uploads\/2023\/08\/Noshad-Rokni.pdf\" target=\"_blank\">Documentation and Conservation at Malek Library in Iran<\/a><\/li><li><strong>Sekulova, Wassilena:<\/strong> <a rel=\"noreferrer noopener\" href=\"https:\/\/melcominternational.eu\/wp-content\/uploads\/2023\/08\/IFLA-PAC_general-introduction.pdf\" data-type=\"URL\" data-id=\"https:\/\/melcominternational.eu\/wp-content\/uploads\/2023\/08\/IFLA-PAC_general-introduction.pdf\" target=\"_blank\">PAC Center of Conservation and Preservation in Arab Countries<\/a><\/li><li><strong>Tan\u0131k, Meri\u00e7: <\/strong><a rel=\"noreferrer noopener\" href=\"https:\/\/melcominternational.eu\/wp-content\/uploads\/2023\/08\/Meric-Tanik.pdf\" data-type=\"URL\" data-id=\"https:\/\/melcominternational.eu\/wp-content\/uploads\/2023\/08\/Meric-Tanik.pdf\" target=\"_blank\">An introduction to the collections of the Biblioth\u00e8que d\u2019\u00e9tudes ottomans<\/a><\/li><\/ul>\n\n\n\n<p><\/p>\n<\/div>\n<\/div><\/div>\n","protected":false},"excerpt":{"rendered":"","protected":false},"author":1,"featured_media":268,"parent":0,"menu_order":0,"comment_status":"closed","ping_status":"closed","template":"","meta":{"_themeisle_gutenberg_block_has_review":false,"footnotes":""},"class_list":["post-1195","page","type-page","status-publish","has-post-thumbnail","hentry"],"_links":{"self":[{"href":"https:\/\/melcominternational.eu\/index.php\/wp-json\/wp\/v2\/pages\/1195","targetHints":{"allow":["GET"]}}],"collection":[{"href":"https:\/\/melcominternational.eu\/index.php\/wp-json\/wp\/v2\/pages"}],"about":[{"href":"https:\/\/melcominternational.eu\/index.php\/wp-json\/wp\/v2\/types\/page"}],"author":[{"embeddable":true,"href":"https:\/\/melcominternational.eu\/index.php\/wp-json\/wp\/v2\/users\/1"}],"replies":[{"embeddable":true,"href":"https:\/\/melcominternational.eu\/index.php\/wp-json\/wp\/v2\/comments?post=1195"}],"version-history":[{"count":15,"href":"https:\/\/melcominternational.eu\/index.php\/wp-json\/wp\/v2\/pages\/1195\/revisions"}],"predecessor-version":[{"id":1346,"href":"https:\/\/melcominternational.eu\/index.php\/wp-json\/wp\/v2\/pages\/1195\/revisions\/1346"}],"wp:featuredmedia":[{"embeddable":true,"href":"https:\/\/melcominternational.eu\/index.php\/wp-json\/wp\/v2\/media\/268"}],"wp:attachment":[{"href":"https:\/\/melcominternational.eu\/index.php\/wp-json\/wp\/v2\/media?parent=1195"}],"curies":[{"name":"wp","href":"https:\/\/api.w.org\/{rel}","templated":true}]}}