{"id":1137,"date":"2023-03-30T12:15:53","date_gmt":"2023-03-30T12:15:53","guid":{"rendered":"https:\/\/melcominternational.eu\/?page_id=1137"},"modified":"2023-03-30T12:53:13","modified_gmt":"2023-03-30T12:53:13","slug":"21st-international-conference-liege-belgium","status":"publish","type":"page","link":"https:\/\/melcominternational.eu\/index.php\/21st-international-conference-liege-belgium\/","title":{"rendered":"21st Conference &#8211; 1999 (Li\u00e8ge, Belgium)"},"content":{"rendered":"\n<div id=\"wp-block-themeisle-blocks-advanced-columns-209b60c6\" class=\"wp-block-themeisle-blocks-advanced-columns has-1-columns has-desktop-equal-layout has-tablet-equal-layout has-mobile-equal-layout has-vertical-unset\"><div class=\"wp-block-themeisle-blocks-advanced-columns-overlay\"><\/div><div class=\"innerblocks-wrap\">\n<div id=\"wp-block-themeisle-blocks-advanced-column-c40c9a24\" class=\"wp-block-themeisle-blocks-advanced-column\">\n<h2 class=\"has-text-color wp-block-heading\" style=\"color:#009080\">21st Conference &#8211; 1999 (Li\u00e8ge, Belgium)<\/h2>\n\n\n\n<ul class=\"wp-block-list\"><li>Date: 17th to 19th May 1999<\/li><li>Organiser(s): Fr\u00e9d\u00e9ric Bauden<\/li><li>Venue: Universit\u00e9 de Li\u00e8ge, Langues et Litt\u00e9ratures Orientales, Service de Langue Arabe et d&#8217;\u00c9tudes Islamiques<\/li><li><a rel=\"noreferrer noopener\" href=\"https:\/\/melcominternational.eu\/wp-content\/uploads\/2022\/12\/1999_programme.pdf\" data-type=\"attachment\" data-id=\"568\" target=\"_blank\">Programme<\/a><\/li><\/ul>\n<\/div>\n<\/div><\/div>\n\n\n\n<h2 class=\"has-text-color wp-block-heading\" style=\"color:#009080\">List of Presenters<\/h2>\n\n\n\n<ul class=\"wp-block-list\"><li>Eleazar Birnbaum: Turkish and Persian manuscripts in Morocco<\/li><li>Azzedine Bouderbane: Academic libraries and the internet<\/li><li>Tuba Cavdar: The Rare book department of the Istanbul University Library : from the beginning to the present time<\/li><li>Laurence Denooz: L&#8217;internet et l&#8217;\u00e9dition dans le monde arabe<\/li><li>Lajla Gazic: Collections of Oriental manuscripts in Sarajevo : current situation and perspectives in cataloguing<\/li><li>Marie Genevieve Guesdon: Les manuscrits arabes de la BNF et le projet de Biblioth\u00e8que virtuelle m\u00e9diterran\u00e9enne de l&#8217;UNESCO (Medlib)<\/li><li>Hala Kaileh: \u00c9tude de faisabilit\u00e9 de la numerisation d&#8217;un corpus des manuscrits arabes \u00e0 J\u00e9rusalem<\/li><li>Stoyanka Kenderova: L&#8217;exp\u00e9dition d&#8217;\u00c9gypte (1798-1801) d&#8217;apr\u00e9s les archives ottomanes conserv\u00e9es \u00e0 Sofia<\/li><li>Aviva Klein-Franke: Rare collections of Imamic documents from Sanaa<\/li><li>Aubert Martin: Un manuscrit in\u00e9dit de Pierre Burggraff (1803-1881)<\/li><li>Efim Rezvan: The Qur&#8217;an in Russia<\/li><li>Sergei Turkin: Some rare and unique astronomical and astrological manuscripts from the collection of the Institute of Oriental Studies, St. Petersburg, Russia<\/li><li>Arnoud Vrojlik: The Turkish script reform of 1928<\/li><li>Lutz Wiederhold: The special collection &#8220;Middle East\/North Africa&#8221; one year after the transfer from Tubingen to Halle : problems and perspectives<\/li><\/ul>\n","protected":false},"excerpt":{"rendered":"<p>List of Presenters Eleazar Birnbaum: Turkish and Persian manuscripts in Morocco Azzedine Bouderbane: Academic libraries and the internet Tuba Cavdar: The Rare book department of the Istanbul University Library : from the beginning to the present time Laurence Denooz: L&#8217;internet et l&#8217;\u00e9dition dans le monde arabe Lajla Gazic: Collections of Oriental manuscripts in Sarajevo : &hellip; <\/p>\n<p class=\"link-more\"><a href=\"https:\/\/melcominternational.eu\/index.php\/21st-international-conference-liege-belgium\/\" class=\"more-link\">Continue reading<span class=\"screen-reader-text\"> &#8220;21st Conference &#8211; 1999 (Li\u00e8ge, Belgium)&#8221;<\/span><\/a><\/p>\n","protected":false},"author":1,"featured_media":0,"parent":0,"menu_order":0,"comment_status":"closed","ping_status":"closed","template":"","meta":{"_themeisle_gutenberg_block_has_review":false,"footnotes":""},"class_list":["post-1137","page","type-page","status-publish","hentry"],"_links":{"self":[{"href":"https:\/\/melcominternational.eu\/index.php\/wp-json\/wp\/v2\/pages\/1137","targetHints":{"allow":["GET"]}}],"collection":[{"href":"https:\/\/melcominternational.eu\/index.php\/wp-json\/wp\/v2\/pages"}],"about":[{"href":"https:\/\/melcominternational.eu\/index.php\/wp-json\/wp\/v2\/types\/page"}],"author":[{"embeddable":true,"href":"https:\/\/melcominternational.eu\/index.php\/wp-json\/wp\/v2\/users\/1"}],"replies":[{"embeddable":true,"href":"https:\/\/melcominternational.eu\/index.php\/wp-json\/wp\/v2\/comments?post=1137"}],"version-history":[{"count":7,"href":"https:\/\/melcominternational.eu\/index.php\/wp-json\/wp\/v2\/pages\/1137\/revisions"}],"predecessor-version":[{"id":1153,"href":"https:\/\/melcominternational.eu\/index.php\/wp-json\/wp\/v2\/pages\/1137\/revisions\/1153"}],"wp:attachment":[{"href":"https:\/\/melcominternational.eu\/index.php\/wp-json\/wp\/v2\/media?parent=1137"}],"curies":[{"name":"wp","href":"https:\/\/api.w.org\/{rel}","templated":true}]}}